{"id":990,"date":"2025-09-06T03:35:26","date_gmt":"2025-09-06T03:35:26","guid":{"rendered":"https:\/\/merseo.online\/?post_type=product&#038;p=990"},"modified":"2025-09-06T03:37:05","modified_gmt":"2025-09-06T03:37:05","slug":"parrilla-plegable-a-carbon-60cm","status":"publish","type":"product","link":"https:\/\/merseo.online\/index.php\/product\/parrilla-plegable-a-carbon-60cm\/","title":{"rendered":"Parrilla Grande Plegable a Carb\u00f3n 60cm"},"content":{"rendered":"<p>&nbsp;<\/p>\n<p>Parrilla plegable port\u00e1til de 60cm.<\/p>\n<p>&#8211; F\u00e1cil de transportar.<\/p>\n<p>&#8211; Adecuado para Picnic al aire libre, camping, playa, interior.<\/p>\n<p>&#8211; Parrilla de carb\u00f3n.<\/p>\n<p>&#8211; Tama\u00f1o : 60x23x32 cm aprox.<\/p>\n<p>&#8211; Color : negro.<\/p>\n","protected":false},"excerpt":{"rendered":"<p>Lleva tus asados a donde quieras sin ocupar mucho espacio al guardar. \u2013 Superficie de cocci\u00f3n de 60 \u00d7 22 \u00d7 32 cm \u2013 Plegable y compacta para f\u00e1cil transporte \u2013 Bandeja extra\u00edble para gesti\u00f3n de carb\u00f3n \u2013 Ventilaci\u00f3n lateral para control de temperatura \u2013 Estructura estable con patas en \u2018A\u2019<\/p>\n","protected":false},"featured_media":992,"comment_status":"open","ping_status":"closed","template":"","meta":[],"product_brand":[],"product_cat":[29],"product_tag":[],"class_list":{"0":"post-990","1":"product","2":"type-product","3":"status-publish","4":"has-post-thumbnail","6":"product_cat-aventura","8":"first","9":"instock","10":"sale","11":"shipping-taxable","12":"purchasable","13":"product-type-simple"},"jetpack_sharing_enabled":true,"_links":{"self":[{"href":"https:\/\/merseo.online\/index.php\/wp-json\/wp\/v2\/product\/990","targetHints":{"allow":["GET"]}}],"collection":[{"href":"https:\/\/merseo.online\/index.php\/wp-json\/wp\/v2\/product"}],"about":[{"href":"https:\/\/merseo.online\/index.php\/wp-json\/wp\/v2\/types\/product"}],"replies":[{"embeddable":true,"href":"https:\/\/merseo.online\/index.php\/wp-json\/wp\/v2\/comments?post=990"}],"wp:featuredmedia":[{"embeddable":true,"href":"https:\/\/merseo.online\/index.php\/wp-json\/wp\/v2\/media\/992"}],"wp:attachment":[{"href":"https:\/\/merseo.online\/index.php\/wp-json\/wp\/v2\/media?parent=990"}],"wp:term":[{"taxonomy":"product_brand","embeddable":true,"href":"https:\/\/merseo.online\/index.php\/wp-json\/wp\/v2\/product_brand?post=990"},{"taxonomy":"product_cat","embeddable":true,"href":"https:\/\/merseo.online\/index.php\/wp-json\/wp\/v2\/product_cat?post=990"},{"taxonomy":"product_tag","embeddable":true,"href":"https:\/\/merseo.online\/index.php\/wp-json\/wp\/v2\/product_tag?post=990"}],"curies":[{"name":"wp","href":"https:\/\/api.w.org\/{rel}","templated":true}]}}