{"id":985,"date":"2025-09-05T19:13:10","date_gmt":"2025-09-05T19:13:10","guid":{"rendered":"https:\/\/merseo.online\/?post_type=product&#038;p=985"},"modified":"2025-09-12T08:46:20","modified_gmt":"2025-09-12T08:46:20","slug":"set-de-ollas-utensilios-de-cocina-para-campamento","status":"publish","type":"product","link":"https:\/\/merseo.online\/index.php\/product\/set-de-ollas-utensilios-de-cocina-para-campamento\/","title":{"rendered":"Set de Ollas \/ Utensilios de cocina para Campamento"},"content":{"rendered":"<ul class=\"a-unordered-list a-vertical a-spacing-mini\">\n<li class=\"a-spacing-mini\"><span class=\"a-list-item\">???? Juego de Utensilios de Cocina para Acampar de 10 Piezas: este juego de ollas para acampar todo en uno incluye 1x olla camping, 1x sart\u00e9n, 1x tapa, 1x tetera (0.8L), 1x cuchara de pl\u00e1stico, 1x cuchara de bamb\u00fa, 3x tazones, 1 esponja de limpieza<\/span><\/li>\n<li class=\"a-spacing-mini\"><span class=\"a-list-item\">???? Juego de Ollas para Camping Plegables y Ahorran Espacio: el dise\u00f1o plegable de las ollas para acampar ahorra un valioso espacio en la mochila y facilita su transporte. Incluye una bolsa de nylon para empacar y transportar ordenadamente el juego de ollas para acampar<\/span><\/li>\n<li class=\"a-spacing-mini\"><span class=\"a-list-item\">???? Set de Cocina para Camping de Aluminio: el juego de cocina para acampar est\u00e1 hecho de aluminio liviano de alta calidad, que es resistente, resistente a altas temperaturas, liviano y no es f\u00e1cil de deformar y corroer; El mango resistente al calor est\u00e1 hecho de pl\u00e1stico aislante para mantener las manos alejadas del calor<\/span><\/li>\n<li class=\"a-spacing-mini\"><span class=\"a-list-item\">???? Juego de Ollas para Acampar Liviano y Port\u00e1til: el juego de ollas para acampar es f\u00e1cil de transportar ya que es compacto y liviano. Es ideal para viajes de campamento, excursiones de senderismo, como utensilios de cocina adicionales para actividades al aire libre como picnics familiares<\/span><\/li>\n<li class=\"a-spacing-mini\"><span class=\"a-list-item\">???? Set de Utensilios de Cocina para Camping al Aire Libre de F\u00e1cil Limpieza: el juego de utensilios de cocina para acampar es f\u00e1cil de limpiar a mano. Se debe evitar el uso de lavavajillas, raspadores o una esponja de acero, ya que pueden da\u00f1ar la superficie<\/span><\/li>\n<\/ul>\n","protected":false},"excerpt":{"rendered":"<p>Set de Ollas Camping 2-3 Personas Kit de Utensilios de Cocina de Camping Aluminio Ollas y Sartenes para Acampar, Cocina Port\u00e1til para Camping Senderismo Acampada al Aire Libre (Naranja)<\/p>\n","protected":false},"featured_media":987,"comment_status":"open","ping_status":"closed","template":"","meta":[],"product_brand":[],"product_cat":[29],"product_tag":[],"class_list":{"0":"post-985","1":"product","2":"type-product","3":"status-publish","4":"has-post-thumbnail","6":"product_cat-aventura","8":"first","9":"instock","10":"sale","11":"shipping-taxable","12":"purchasable","13":"product-type-simple"},"jetpack_sharing_enabled":true,"_links":{"self":[{"href":"https:\/\/merseo.online\/index.php\/wp-json\/wp\/v2\/product\/985","targetHints":{"allow":["GET"]}}],"collection":[{"href":"https:\/\/merseo.online\/index.php\/wp-json\/wp\/v2\/product"}],"about":[{"href":"https:\/\/merseo.online\/index.php\/wp-json\/wp\/v2\/types\/product"}],"replies":[{"embeddable":true,"href":"https:\/\/merseo.online\/index.php\/wp-json\/wp\/v2\/comments?post=985"}],"wp:featuredmedia":[{"embeddable":true,"href":"https:\/\/merseo.online\/index.php\/wp-json\/wp\/v2\/media\/987"}],"wp:attachment":[{"href":"https:\/\/merseo.online\/index.php\/wp-json\/wp\/v2\/media?parent=985"}],"wp:term":[{"taxonomy":"product_brand","embeddable":true,"href":"https:\/\/merseo.online\/index.php\/wp-json\/wp\/v2\/product_brand?post=985"},{"taxonomy":"product_cat","embeddable":true,"href":"https:\/\/merseo.online\/index.php\/wp-json\/wp\/v2\/product_cat?post=985"},{"taxonomy":"product_tag","embeddable":true,"href":"https:\/\/merseo.online\/index.php\/wp-json\/wp\/v2\/product_tag?post=985"}],"curies":[{"name":"wp","href":"https:\/\/api.w.org\/{rel}","templated":true}]}}