{"id":956,"date":"2025-09-05T06:10:33","date_gmt":"2025-09-05T06:10:33","guid":{"rendered":"https:\/\/merseo.online\/?post_type=product&#038;p=956"},"modified":"2025-12-15T14:29:05","modified_gmt":"2025-12-15T14:29:05","slug":"ropero-armable-de-3-cuerpos","status":"publish","type":"product","link":"https:\/\/merseo.online\/index.php\/product\/ropero-armable-de-3-cuerpos\/","title":{"rendered":"Ropero Armable de 3 Cuerpos"},"content":{"rendered":"<ul>\n<li>Ropero plegable de\u00a0amplio\u00a0espacio interior. Ofrece un \u00e1rea grande de almacenamiento estructurado, a trav\u00e9s de sus 9 bandejas. Excelente para guardar chaquetas, mantas, s\u00e1banas y mucho m\u00e1s.<\/li>\n<li>Compacto\u00a0y f\u00e1cil de\u00a0llevar.<\/li>\n<\/ul>\n<ul>\n<li><b>R\u00e1pido<\/b>\u00a0y de simple montaje, gracias a las instrucciones de montaje ilustradas y su f\u00e1cil sistema de plug-in hace que el armario de tela se puede montar sin ayuda de una segunda persona.<\/li>\n<li class=\"ng-scope\">Ofrece mucho espacio de almacenamiento<\/li>\n<li class=\"ng-scope\">Armaz\u00f3n de metal<\/li>\n<li class=\"ng-scope\">Uniones de pvc<\/li>\n<li class=\"ng-scope\">El forro es de tela no tejida<\/li>\n<li class=\"ng-scope\">Niveles de tela a prueba de agua<\/li>\n<li class=\"ng-scope\">Dimensiones de ropero: Largo 123cm \/ Ancho 41 cm \/ Alto 165cm<\/li>\n<li class=\"ng-scope\">Dimensiones Caja: 40cm x 60cm x 10cm<\/li>\n<\/ul>\n","protected":false},"excerpt":{"rendered":"<p>Armario de almacenamiento de metal a prueba de polvo con estantes y perillas para colgar, f\u00e1cil de ensamblar, adecuado para dormitorios, oficinas en casa, organizadores de armarios, estructura duradera, organizadores de armarios y estantes de almacenamiento.<\/p>\n","protected":false},"featured_media":962,"comment_status":"open","ping_status":"closed","template":"","meta":[],"product_brand":[],"product_cat":[28],"product_tag":[],"class_list":{"0":"post-956","1":"product","2":"type-product","3":"status-publish","4":"has-post-thumbnail","6":"product_cat-hogar","8":"first","9":"instock","10":"sale","11":"shipping-taxable","12":"purchasable","13":"product-type-variable"},"jetpack_sharing_enabled":true,"_links":{"self":[{"href":"https:\/\/merseo.online\/index.php\/wp-json\/wp\/v2\/product\/956","targetHints":{"allow":["GET"]}}],"collection":[{"href":"https:\/\/merseo.online\/index.php\/wp-json\/wp\/v2\/product"}],"about":[{"href":"https:\/\/merseo.online\/index.php\/wp-json\/wp\/v2\/types\/product"}],"replies":[{"embeddable":true,"href":"https:\/\/merseo.online\/index.php\/wp-json\/wp\/v2\/comments?post=956"}],"wp:featuredmedia":[{"embeddable":true,"href":"https:\/\/merseo.online\/index.php\/wp-json\/wp\/v2\/media\/962"}],"wp:attachment":[{"href":"https:\/\/merseo.online\/index.php\/wp-json\/wp\/v2\/media?parent=956"}],"wp:term":[{"taxonomy":"product_brand","embeddable":true,"href":"https:\/\/merseo.online\/index.php\/wp-json\/wp\/v2\/product_brand?post=956"},{"taxonomy":"product_cat","embeddable":true,"href":"https:\/\/merseo.online\/index.php\/wp-json\/wp\/v2\/product_cat?post=956"},{"taxonomy":"product_tag","embeddable":true,"href":"https:\/\/merseo.online\/index.php\/wp-json\/wp\/v2\/product_tag?post=956"}],"curies":[{"name":"wp","href":"https:\/\/api.w.org\/{rel}","templated":true}]}}