{"id":898,"date":"2025-09-04T17:16:09","date_gmt":"2025-09-04T17:16:09","guid":{"rendered":"https:\/\/merseo.online\/?post_type=product&#038;p=898"},"modified":"2025-09-04T17:16:09","modified_gmt":"2025-09-04T17:16:09","slug":"mini-cocina-portatil-para-camping","status":"publish","type":"product","link":"https:\/\/merseo.online\/index.php\/product\/mini-cocina-portatil-para-camping\/","title":{"rendered":"Mini Cocina Portatil para Camping"},"content":{"rendered":"<p>La placa de fuego y el soporte son de acero inoxidable, resistencia a altas temperaturas y alta resistencia.<\/p>\n<p>Especificaciones de la placa de fuego: 9,5*9,5 CM (adecuado para la erecci\u00f3n del di\u00e1metro de los 20CM dentro de la olla, ajuste convencional de 1 ~ 3 personas)<\/p>\n<p>Velocidad nominal: 3000W<\/p>\n","protected":false},"excerpt":{"rendered":"<p>Mini cocina compacta y port\u00e1til perfecta para aventuras al aire libre. Con su funci\u00f3n de minicocina port\u00e1til para exteriores, podr\u00e1s preparar f\u00e1cilmente tus comidas mientras exploras, ahorr\u00e1ndote tiempo y energ\u00eda. Disfrute de la comodidad y eficiencia de este imprescindible para exteriores.<\/p>\n","protected":false},"featured_media":900,"comment_status":"open","ping_status":"closed","template":"","meta":[],"product_brand":[],"product_cat":[29],"product_tag":[],"class_list":{"0":"post-898","1":"product","2":"type-product","3":"status-publish","4":"has-post-thumbnail","6":"product_cat-aventura","8":"first","9":"instock","10":"sale","11":"shipping-taxable","12":"purchasable","13":"product-type-simple"},"jetpack_sharing_enabled":true,"_links":{"self":[{"href":"https:\/\/merseo.online\/index.php\/wp-json\/wp\/v2\/product\/898","targetHints":{"allow":["GET"]}}],"collection":[{"href":"https:\/\/merseo.online\/index.php\/wp-json\/wp\/v2\/product"}],"about":[{"href":"https:\/\/merseo.online\/index.php\/wp-json\/wp\/v2\/types\/product"}],"replies":[{"embeddable":true,"href":"https:\/\/merseo.online\/index.php\/wp-json\/wp\/v2\/comments?post=898"}],"wp:featuredmedia":[{"embeddable":true,"href":"https:\/\/merseo.online\/index.php\/wp-json\/wp\/v2\/media\/900"}],"wp:attachment":[{"href":"https:\/\/merseo.online\/index.php\/wp-json\/wp\/v2\/media?parent=898"}],"wp:term":[{"taxonomy":"product_brand","embeddable":true,"href":"https:\/\/merseo.online\/index.php\/wp-json\/wp\/v2\/product_brand?post=898"},{"taxonomy":"product_cat","embeddable":true,"href":"https:\/\/merseo.online\/index.php\/wp-json\/wp\/v2\/product_cat?post=898"},{"taxonomy":"product_tag","embeddable":true,"href":"https:\/\/merseo.online\/index.php\/wp-json\/wp\/v2\/product_tag?post=898"}],"curies":[{"name":"wp","href":"https:\/\/api.w.org\/{rel}","templated":true}]}}