{"id":802,"date":"2025-09-03T18:56:47","date_gmt":"2025-09-03T18:56:47","guid":{"rendered":"https:\/\/merseo.online\/?post_type=product&#038;p=802"},"modified":"2025-09-03T21:46:33","modified_gmt":"2025-09-03T21:46:33","slug":"molinillo-electrico-de-cafe-y-granos-4-aspas-c45","status":"publish","type":"product","link":"https:\/\/merseo.online\/index.php\/product\/molinillo-electrico-de-cafe-y-granos-4-aspas-c45\/","title":{"rendered":"Molinillo El\u00e9ctrico de Caf\u00e9 y Granos 4 Aspas C45"},"content":{"rendered":"<p>Molinillo El\u00e9ctrico eficiente que muela granos de caf\u00e9, nueces con poco ruido.<br \/>\nEl molinillo de caf\u00e9 te ayudar\u00e1 a sacar el m\u00e1ximo provecho del caf\u00e9 fresco, porque el molinillo dividir\u00e1 el caf\u00e9 en part\u00edculas de tama\u00f1o uniforme para garantizar una extracci\u00f3n uniforme.Dise\u00f1o \u00fanico y cl\u00e1sico y es f\u00e1cil de usar.Puede ser un regalo perfecto para tu familia o amigos.<br \/>\nF\u00e1cil de operar y de mantener limpio.<\/p>\n","protected":false},"excerpt":{"rendered":"<p>ESPECIFICACIONES:<\/p>\n<p>&#8211; Color: plata<br \/>\n&#8211; Tama\u00f1o: 160x93mm<br \/>\n&#8211; Potencia: 100 ~ 200 W<br \/>\n&#8211; Material de acero inoxidable: acero inoxidable<br \/>\n&#8211; Tensi\u00f3n\/frecuencia nominal: 220 V<\/p>\n","protected":false},"featured_media":803,"comment_status":"open","ping_status":"closed","template":"","meta":[],"product_brand":[],"product_cat":[28],"product_tag":[],"class_list":{"0":"post-802","1":"product","2":"type-product","3":"status-publish","4":"has-post-thumbnail","6":"product_cat-hogar","8":"first","9":"instock","10":"sale","11":"shipping-taxable","12":"purchasable","13":"product-type-simple"},"jetpack_sharing_enabled":true,"_links":{"self":[{"href":"https:\/\/merseo.online\/index.php\/wp-json\/wp\/v2\/product\/802","targetHints":{"allow":["GET"]}}],"collection":[{"href":"https:\/\/merseo.online\/index.php\/wp-json\/wp\/v2\/product"}],"about":[{"href":"https:\/\/merseo.online\/index.php\/wp-json\/wp\/v2\/types\/product"}],"replies":[{"embeddable":true,"href":"https:\/\/merseo.online\/index.php\/wp-json\/wp\/v2\/comments?post=802"}],"wp:featuredmedia":[{"embeddable":true,"href":"https:\/\/merseo.online\/index.php\/wp-json\/wp\/v2\/media\/803"}],"wp:attachment":[{"href":"https:\/\/merseo.online\/index.php\/wp-json\/wp\/v2\/media?parent=802"}],"wp:term":[{"taxonomy":"product_brand","embeddable":true,"href":"https:\/\/merseo.online\/index.php\/wp-json\/wp\/v2\/product_brand?post=802"},{"taxonomy":"product_cat","embeddable":true,"href":"https:\/\/merseo.online\/index.php\/wp-json\/wp\/v2\/product_cat?post=802"},{"taxonomy":"product_tag","embeddable":true,"href":"https:\/\/merseo.online\/index.php\/wp-json\/wp\/v2\/product_tag?post=802"}],"curies":[{"name":"wp","href":"https:\/\/api.w.org\/{rel}","templated":true}]}}