{"id":793,"date":"2025-09-03T04:46:44","date_gmt":"2025-09-03T04:46:44","guid":{"rendered":"https:\/\/merseo.online\/?post_type=product&#038;p=793"},"modified":"2025-09-03T21:42:29","modified_gmt":"2025-09-03T21:42:29","slug":"filtro-purificador-de-agua","status":"publish","type":"product","link":"https:\/\/merseo.online\/index.php\/product\/filtro-purificador-de-agua\/","title":{"rendered":"Filtro Purificador de Agua"},"content":{"rendered":"<p>Simplemente abra el ca\u00f1o a trav\u00e9s del filtro de agua\u00a0obtendr\u00e1 un agua saludable.<\/p>\n<p>Ahorro Ahorre mucho dinero al no tener que comprar y cargar costosos botellones de agua.<\/p>\n<p>Elimine el hervir el agua y ahorre dinero y energ\u00eda.<\/p>\n<p>Purificador para 10,000 litros de agua<\/p>\n<p>Buen Sabor,Con la eliminaci\u00f3n del cloro y otras impurezas, m\u00e1s la adici\u00f3n de minerales, Ud. notar\u00e1 la diferencia en el sabor. No habr\u00e1n m\u00e1s olores y sabores desagradables en su refrescante agua de beber.<\/p>\n","protected":false},"excerpt":{"rendered":"<p>Filtro Purificador\u00a0de Agua\u00a0Filtrar y purificar el agua.<\/p>\n<p>Cambia entre el agua filtrada y agua del grifo de forma flexible utilizando la tecnolog\u00eda de Nano-KDF para inhibir el crecimiento de bacterias.El cartucho de filtro de cer\u00e1mica se puede limpiar f\u00e1cilmente y se utiliza de nuevo. Puede ver la cantidad de suciedad que se ha eliminado debido a que usted.<\/p>\n","protected":false},"featured_media":808,"comment_status":"open","ping_status":"closed","template":"","meta":[],"product_brand":[],"product_cat":[28],"product_tag":[],"class_list":{"0":"post-793","1":"product","2":"type-product","3":"status-publish","4":"has-post-thumbnail","6":"product_cat-hogar","8":"first","9":"instock","10":"sale","11":"shipping-taxable","12":"purchasable","13":"product-type-simple"},"jetpack_sharing_enabled":true,"_links":{"self":[{"href":"https:\/\/merseo.online\/index.php\/wp-json\/wp\/v2\/product\/793","targetHints":{"allow":["GET"]}}],"collection":[{"href":"https:\/\/merseo.online\/index.php\/wp-json\/wp\/v2\/product"}],"about":[{"href":"https:\/\/merseo.online\/index.php\/wp-json\/wp\/v2\/types\/product"}],"replies":[{"embeddable":true,"href":"https:\/\/merseo.online\/index.php\/wp-json\/wp\/v2\/comments?post=793"}],"wp:featuredmedia":[{"embeddable":true,"href":"https:\/\/merseo.online\/index.php\/wp-json\/wp\/v2\/media\/808"}],"wp:attachment":[{"href":"https:\/\/merseo.online\/index.php\/wp-json\/wp\/v2\/media?parent=793"}],"wp:term":[{"taxonomy":"product_brand","embeddable":true,"href":"https:\/\/merseo.online\/index.php\/wp-json\/wp\/v2\/product_brand?post=793"},{"taxonomy":"product_cat","embeddable":true,"href":"https:\/\/merseo.online\/index.php\/wp-json\/wp\/v2\/product_cat?post=793"},{"taxonomy":"product_tag","embeddable":true,"href":"https:\/\/merseo.online\/index.php\/wp-json\/wp\/v2\/product_tag?post=793"}],"curies":[{"name":"wp","href":"https:\/\/api.w.org\/{rel}","templated":true}]}}