{"id":787,"date":"2025-09-03T02:38:06","date_gmt":"2025-09-03T02:38:06","guid":{"rendered":"https:\/\/merseo.online\/?post_type=product&#038;p=787"},"modified":"2025-09-03T21:43:17","modified_gmt":"2025-09-03T21:43:17","slug":"foco-camara-de-seguridad-inteligente-con-altavoz","status":"publish","type":"product","link":"https:\/\/merseo.online\/index.php\/product\/foco-camara-de-seguridad-inteligente-con-altavoz\/","title":{"rendered":"Foco C\u00e1mara de Seguridad Inteligente Con Altavoz"},"content":{"rendered":"<p><strong>C\u00e1mara Tipo Foco Inteligente Wifi Con Visi\u00f3n Nocturna<\/strong><\/p>\n<p>c\u00e1mara Wifi de 2MP, con enchufe de bombilla E27, \u00faltimo modelo de vigilancia de seguridad para el hogar inteligente.<\/p>\n<p>&nbsp;<\/p>\n<p>Caracter\u00edsticas:<\/p>\n<p>&nbsp;<\/p>\n<p>1. Visualizaci\u00f3n remota y conversaci\u00f3n bidireccional: Visualizaci\u00f3n remota a trav\u00e9s del tel\u00e9fono m\u00f3vil, sin importar d\u00f3nde se encuentre, puede ver la pantalla de monitoreo en la aplicaci\u00f3n en cualquier momento, en cualquier lugar.<\/p>\n<p>&nbsp;<\/p>\n<p>2. Cuando se conecta a Wi-Fi, se puede realizar un monitoreo multi-terminal. Protege su hogar en cualquier momento, en cualquier lugar.<\/p>\n<p>&nbsp;<\/p>\n<p>3. Detecci\u00f3n de Movimiento: env\u00eda alertas de actividades cuando detecta movimiento.<\/p>\n<p>&nbsp;<\/p>\n<p>4. La c\u00e1mara est\u00e1 equipada con 4 LED fuertes para proporcionar luz en la oscuridad y poder grabar en la oscuridad.<\/p>\n<p>&nbsp;<\/p>\n<p>Detalles:<\/p>\n<p>\u2022 Visi\u00f3n diurna y nocturna.<\/p>\n<p>Admite seguimiento autom\u00e1tico y funci\u00f3n de tono de alarma.<\/p>\n<p>\u2022 Admite conexi\u00f3n WIFI inal\u00e1mbrica.<\/p>\n<p>\u2022 Admite Audio bidireccional para hablar en tiempo Real.<\/p>\n<p>\u2022 Soporte Pan 355 grados\/inclinaci\u00f3n 90 grados.<\/p>\n<p>\u2022 Compatible con tarjeta TF tarjeta de memoria m\u00e1xima de 128 GB.<\/p>\n<p>\u2022Vista remota a trav\u00e9s de la aplicaci\u00f3n.<\/p>\n<p>Aplicaci\u00f3n de funcionamiento: YooSee<\/p>\n<p>\u2022Grabaci\u00f3n c\u00edclica o infinita: Una vez llena la memoria, la c\u00e1mara seguir\u00e1 grabando y guardando video. Al mismo tiempo, se ir\u00e1 borrando la grabaci\u00f3n m\u00e1s antigua.<\/p>\n<p>&nbsp;<\/p>\n<p>Especificaciones:<\/p>\n<p>\u2022 Tipo de c\u00e1mara: IP<\/p>\n<p>\u2022 Sensor de movimiento con alarma<\/p>\n<p>\u2022 Se enrosca a cualquier socket o socate<\/p>\n<p>\u2022 Instalaci\u00f3n sin cables<\/p>\n<p>\u2022 Calidad de resoluci\u00f3n: HD 720p<\/p>\n<p>\u2022 Tipo de conexi\u00f3n: WiFi &#8211; 2,4 GHz<\/p>\n<p>\u2022 Ambiente de uso: Interno<\/p>\n<p>\u2022 Visi\u00f3n nocturna<\/p>\n<p>\u2022 Potencia: 5W<\/p>\n<p>\u2022 Micr\u00f3fono integrado 38 dB<\/p>\n<p>\u2022 Capacidad de almacenamiento: 128 GB (equivalente a 30 d\u00edas de grabaci\u00f3n en HD) (no incluye memoria)<\/p>\n<p>\u2022 Distancia infrarroja: 10 metros<\/p>\n<p>&nbsp;<\/p>\n<p>El paquete incluye:<\/p>\n<p>&#8211; 1 x C\u00e1mara Foco Wi-Fi<\/p>\n<p>&#8211; 1 x Socate o socket<\/p>\n<p>&#8211; 1 x Bolsa con 2 tornillos y 2 tarugos<\/p>\n<p>&#8211; 1 x Instrucciones<\/p>\n<p>&nbsp;<\/p>\n","protected":false},"excerpt":{"rendered":"<p class=\"ds-markdown-paragraph\"><strong>C\u00e1mara Foco Inteligente WiFi &#8211; Vigila tu Hogar con Tecnolog\u00eda Avanzada<\/strong><\/p>\n<p class=\"ds-markdown-paragraph\">Convierte cualquier bombillo en un sistema de seguridad inteligente. Esta c\u00e1mara con enchufe E27 se instala en segundos y te ofrece\u00a0<strong>visi\u00f3n nocturna, detecci\u00f3n de movimiento y audio bidireccional<\/strong>\u00a0para que hables y escuches en tiempo real desde tu celular.<\/p>\n<p class=\"ds-markdown-paragraph\"><strong>Caracter\u00edsticas principales:<\/strong><br \/>\n\u2705\u00a0<strong>Visi\u00f3n Nocturna:<\/strong>\u00a04 LEDs infrarrojos para ver hasta 10m en completa oscuridad.<br \/>\n\u2705\u00a0<strong>Alerta al Instante:<\/strong>\u00a0Notificaciones en tu m\u00f3vil cuando detecta movimiento.<br \/>\n\u2705\u00a0<strong>360\u00b0 de Cobertura:<\/strong>\u00a0Gira 355\u00b0 e inclina 90\u00b0 para vigilar cada rinc\u00f3n.<br \/>\n\u2705\u00a0<strong>Audio Bidireccional:<\/strong>\u00a0Habla y escucha desde la app\u00a0<strong>YooSee<\/strong>\u00a0(iOS\/Android).<br \/>\n\u2705\u00a0<strong>Grabaci\u00f3n Continua:<\/strong>\u00a0Soporta tarjeta microSD de hasta 128GB para grabaci\u00f3n sin parar.<br \/>\n\u2705\u00a0<strong>F\u00e1cil Instalaci\u00f3n:<\/strong>\u00a0Sin cables. \u00a1Solo enrosca en el socket y listo!<\/p>\n<p class=\"ds-markdown-paragraph\"><strong>Ideal para:<\/strong>\u00a0Hogares, oficinas, entradas y espacios donde quieras seguridad discreta y poderosa.<\/p>\n<p class=\"ds-markdown-paragraph\"><strong>\u00a1Controla tu casa desde cualquier lugar del mundo!<\/strong><\/p>\n","protected":false},"featured_media":809,"comment_status":"open","ping_status":"closed","template":"","meta":[],"product_brand":[],"product_cat":[27],"product_tag":[],"class_list":{"0":"post-787","1":"product","2":"type-product","3":"status-publish","4":"has-post-thumbnail","6":"product_cat-tecnologia","8":"first","9":"instock","10":"sale","11":"shipping-taxable","12":"purchasable","13":"product-type-simple"},"jetpack_sharing_enabled":true,"_links":{"self":[{"href":"https:\/\/merseo.online\/index.php\/wp-json\/wp\/v2\/product\/787","targetHints":{"allow":["GET"]}}],"collection":[{"href":"https:\/\/merseo.online\/index.php\/wp-json\/wp\/v2\/product"}],"about":[{"href":"https:\/\/merseo.online\/index.php\/wp-json\/wp\/v2\/types\/product"}],"replies":[{"embeddable":true,"href":"https:\/\/merseo.online\/index.php\/wp-json\/wp\/v2\/comments?post=787"}],"wp:featuredmedia":[{"embeddable":true,"href":"https:\/\/merseo.online\/index.php\/wp-json\/wp\/v2\/media\/809"}],"wp:attachment":[{"href":"https:\/\/merseo.online\/index.php\/wp-json\/wp\/v2\/media?parent=787"}],"wp:term":[{"taxonomy":"product_brand","embeddable":true,"href":"https:\/\/merseo.online\/index.php\/wp-json\/wp\/v2\/product_brand?post=787"},{"taxonomy":"product_cat","embeddable":true,"href":"https:\/\/merseo.online\/index.php\/wp-json\/wp\/v2\/product_cat?post=787"},{"taxonomy":"product_tag","embeddable":true,"href":"https:\/\/merseo.online\/index.php\/wp-json\/wp\/v2\/product_tag?post=787"}],"curies":[{"name":"wp","href":"https:\/\/api.w.org\/{rel}","templated":true}]}}