{"id":606,"date":"2025-08-11T10:26:21","date_gmt":"2025-08-11T10:26:21","guid":{"rendered":"https:\/\/merseo.online\/?post_type=product&#038;p=606"},"modified":"2025-09-03T21:47:41","modified_gmt":"2025-09-03T21:47:41","slug":"morral-antirrobo-para-hombres-con-cerradura-de-contrasena","status":"publish","type":"product","link":"https:\/\/merseo.online\/index.php\/product\/morral-antirrobo-para-hombres-con-cerradura-de-contrasena\/","title":{"rendered":"Morral Antirrobo para Hombres con Cerradura de Contrase\u00f1a"},"content":{"rendered":"<h4>Caracter\u00edsticas:<\/h4>\n<ul>\n<li>Modelo: Morral<\/li>\n<li>Material: Tela Oxford + tacto cuero (resistente al agua)<\/li>\n<li>Colores: Negro, Gris con marr\u00f3n,Negro con marr\u00f3n<\/li>\n<li>Dise\u00f1o ergon\u00f3mico con correa de hombro ajustable para un ajuste perfecto en el cuerpo<\/li>\n<li>Cuenta con puerto USB externo para conectar el celular a una bater\u00eda port\u00e1til<\/li>\n<li>Espaldar acolchado para mayor comodidad y material especial contra el calor<\/li>\n<li>Cuenta con asa superior<\/li>\n<li>Franja reflectante<\/li>\n<li>Material impermeable<\/li>\n<li>Medias de la mochila: 32x16x6cm<\/li>\n<li>\u00danica talla<\/li>\n<li>Candado num\u00e9rico de 3 d\u00edgitos para el cierre principal<\/li>\n<\/ul>\n<p>\u200b<\/p>\n<h4>Incluye:<\/h4>\n<ul>\n<li>1x mochila morral (No incluye la bater\u00eda port\u00e1til ni aud\u00edfonos).<\/li>\n<\/ul>\n","protected":false},"excerpt":{"rendered":"<p>???? \u00a1Descubre la revolucionaria mochila morral antirobo, tu compa\u00f1era perfecta para la vida moderna! Con caracter\u00edsticas innovadoras que van m\u00e1s all\u00e1 de lo convencional, esta mochila combina seguridad, durabilidad y versatilidad para satisfacer todas tus necesidades diarias.<\/p>\n<p>\u200b<\/p>\n","protected":false},"featured_media":607,"comment_status":"open","ping_status":"closed","template":"","meta":[],"product_brand":[],"product_cat":[29],"product_tag":[],"class_list":{"0":"post-606","1":"product","2":"type-product","3":"status-publish","4":"has-post-thumbnail","6":"product_cat-aventura","8":"first","9":"instock","10":"sale","11":"shipping-taxable","12":"purchasable","13":"product-type-variable"},"jetpack_sharing_enabled":true,"_links":{"self":[{"href":"https:\/\/merseo.online\/index.php\/wp-json\/wp\/v2\/product\/606","targetHints":{"allow":["GET"]}}],"collection":[{"href":"https:\/\/merseo.online\/index.php\/wp-json\/wp\/v2\/product"}],"about":[{"href":"https:\/\/merseo.online\/index.php\/wp-json\/wp\/v2\/types\/product"}],"replies":[{"embeddable":true,"href":"https:\/\/merseo.online\/index.php\/wp-json\/wp\/v2\/comments?post=606"}],"wp:featuredmedia":[{"embeddable":true,"href":"https:\/\/merseo.online\/index.php\/wp-json\/wp\/v2\/media\/607"}],"wp:attachment":[{"href":"https:\/\/merseo.online\/index.php\/wp-json\/wp\/v2\/media?parent=606"}],"wp:term":[{"taxonomy":"product_brand","embeddable":true,"href":"https:\/\/merseo.online\/index.php\/wp-json\/wp\/v2\/product_brand?post=606"},{"taxonomy":"product_cat","embeddable":true,"href":"https:\/\/merseo.online\/index.php\/wp-json\/wp\/v2\/product_cat?post=606"},{"taxonomy":"product_tag","embeddable":true,"href":"https:\/\/merseo.online\/index.php\/wp-json\/wp\/v2\/product_tag?post=606"}],"curies":[{"name":"wp","href":"https:\/\/api.w.org\/{rel}","templated":true}]}}