{"id":1768,"date":"2026-04-22T20:42:48","date_gmt":"2026-04-22T20:42:48","guid":{"rendered":"https:\/\/merseo.online\/index.php\/product\/kit-de-limpieza-de-18-piezas-con-estuche-para-camara-dslr\/"},"modified":"2026-04-22T20:42:50","modified_gmt":"2026-04-22T20:42:50","slug":"kit-de-limpieza-de-18-piezas-con-estuche-para-camara-dslr","status":"publish","type":"product","link":"https:\/\/merseo.online\/index.php\/product\/kit-de-limpieza-de-18-piezas-con-estuche-para-camara-dslr\/","title":{"rendered":"Kit de Limpieza de 18 piezas con estuche para C\u00e1mara DSLR"},"content":{"rendered":"<p>Kit de limpieza para c\u00e1mara de 18 piezas con estuche, limpiador de lentes profesional para DSLR y lentes de smartphone &#8211; Incluye cepillos, soplador, pa\u00f1o de microfibra, seguro para todas las c\u00e1maras y lentes ideal para el mantenimiento de su c\u00e1mara, de lentes con estuche de alta calidad, construcci\u00f3n robusta.<\/p>\n","protected":false},"excerpt":{"rendered":"<p>Kit de limpieza para c\u00e1mara de 18 piezas con estuche, limpiador de lentes profesional para DSLR y lentes de smartphone &#8211; Incluye cepillos, soplador, pa\u00f1o de microfibra, seguro para todas las c\u00e1maras y lentes ideal para el mantenimiento de su c\u00e1mara, de lentes con estuche de alta calidad, construcci\u00f3n robusta.<\/p>\n","protected":false},"featured_media":1767,"comment_status":"open","ping_status":"closed","template":"","meta":[],"product_brand":[],"product_cat":[41,25],"product_tag":[230,234,233,232,231],"class_list":{"0":"post-1768","1":"product","2":"type-product","3":"status-publish","4":"has-post-thumbnail","6":"product_cat-accesorios-camara","7":"product_cat-camaras","8":"product_tag-kitlimpiezacamara","9":"product_tag-limpiador-camara","10":"product_tag-limpiadorcamara","11":"product_tag-limpiadorlentecamaradslr","12":"product_tag-limpiezacamara","14":"first","15":"instock","16":"sale","17":"shipping-taxable","18":"purchasable","19":"product-type-simple"},"jetpack_sharing_enabled":true,"_links":{"self":[{"href":"https:\/\/merseo.online\/index.php\/wp-json\/wp\/v2\/product\/1768","targetHints":{"allow":["GET"]}}],"collection":[{"href":"https:\/\/merseo.online\/index.php\/wp-json\/wp\/v2\/product"}],"about":[{"href":"https:\/\/merseo.online\/index.php\/wp-json\/wp\/v2\/types\/product"}],"replies":[{"embeddable":true,"href":"https:\/\/merseo.online\/index.php\/wp-json\/wp\/v2\/comments?post=1768"}],"wp:featuredmedia":[{"embeddable":true,"href":"https:\/\/merseo.online\/index.php\/wp-json\/wp\/v2\/media\/1767"}],"wp:attachment":[{"href":"https:\/\/merseo.online\/index.php\/wp-json\/wp\/v2\/media?parent=1768"}],"wp:term":[{"taxonomy":"product_brand","embeddable":true,"href":"https:\/\/merseo.online\/index.php\/wp-json\/wp\/v2\/product_brand?post=1768"},{"taxonomy":"product_cat","embeddable":true,"href":"https:\/\/merseo.online\/index.php\/wp-json\/wp\/v2\/product_cat?post=1768"},{"taxonomy":"product_tag","embeddable":true,"href":"https:\/\/merseo.online\/index.php\/wp-json\/wp\/v2\/product_tag?post=1768"}],"curies":[{"name":"wp","href":"https:\/\/api.w.org\/{rel}","templated":true}]}}