{"id":1734,"date":"2026-04-16T22:18:27","date_gmt":"2026-04-16T22:18:27","guid":{"rendered":"https:\/\/merseo.online\/index.php\/product\/2-mandos-inalambrico-para-consola-gamestick-tv-box-pc\/"},"modified":"2026-04-16T22:20:19","modified_gmt":"2026-04-16T22:20:19","slug":"2-mandos-inalambrico-para-consola-gamestick-tv-box-pc","status":"publish","type":"product","link":"https:\/\/merseo.online\/index.php\/product\/2-mandos-inalambrico-para-consola-gamestick-tv-box-pc\/","title":{"rendered":"2 Mandos inal\u00e1mbrico para consola GAMESTICK, TV Box, PC"},"content":{"rendered":"<p>Especificaciones:<\/p>\n<p>-2 controles inal\u00e1mbricos 2.4 GHZ<\/p>\n<p>-Ahorro de energ\u00eda: Conexi\u00f3n de baja potencia, este controlador requiere 2 pilas triple A (pilas no incluida)<\/p>\n<p>-Dise\u00f1o de alta calidad: c\u00f3modo dise\u00f1o para uso ergon\u00f3mico, flexible y preciso.<\/p>\n<p>-Bot\u00f3n de alta sensibilidad: Garantizan un buen rendimiento y estabilidad de los botones.<\/p>\n<p>INCLUYE:<\/p>\n<p>-2 Mandos inal\u00e1mbricos<\/p>\n<p>-Controlador USB<\/p>\n","protected":false},"excerpt":{"rendered":"<p>Especificaciones: -2 controles inal\u00e1mbricos 2.4 GHZ -Ahorro de energ\u00eda: Conexi\u00f3n de baja potencia, este controlador requiere 2 pilas triple A (pilas no incluida) -Dise\u00f1o de alta calidad: c\u00f3modo dise\u00f1o para uso ergon\u00f3mico, flexible y preciso. -Bot\u00f3n de alta sensibilidad: Garantizan un buen rendimiento y estabilidad de los botones. INCLUYE: -2 Mandos inal\u00e1mbricos -Controlador USB<\/p>\n","protected":false},"featured_media":1733,"comment_status":"open","ping_status":"closed","template":"","meta":[],"product_brand":[],"product_cat":[23],"product_tag":[217,219,220,218],"class_list":{"0":"post-1734","1":"product","2":"type-product","3":"status-publish","4":"has-post-thumbnail","6":"product_cat-videojuegos","7":"product_tag-gamepad","8":"product_tag-gamepadinalambrico","9":"product_tag-mandogd10","10":"product_tag-mandoinalambrico","12":"first","13":"instock","14":"shipping-taxable","15":"purchasable","16":"product-type-simple"},"jetpack_sharing_enabled":true,"_links":{"self":[{"href":"https:\/\/merseo.online\/index.php\/wp-json\/wp\/v2\/product\/1734","targetHints":{"allow":["GET"]}}],"collection":[{"href":"https:\/\/merseo.online\/index.php\/wp-json\/wp\/v2\/product"}],"about":[{"href":"https:\/\/merseo.online\/index.php\/wp-json\/wp\/v2\/types\/product"}],"replies":[{"embeddable":true,"href":"https:\/\/merseo.online\/index.php\/wp-json\/wp\/v2\/comments?post=1734"}],"wp:featuredmedia":[{"embeddable":true,"href":"https:\/\/merseo.online\/index.php\/wp-json\/wp\/v2\/media\/1733"}],"wp:attachment":[{"href":"https:\/\/merseo.online\/index.php\/wp-json\/wp\/v2\/media?parent=1734"}],"wp:term":[{"taxonomy":"product_brand","embeddable":true,"href":"https:\/\/merseo.online\/index.php\/wp-json\/wp\/v2\/product_brand?post=1734"},{"taxonomy":"product_cat","embeddable":true,"href":"https:\/\/merseo.online\/index.php\/wp-json\/wp\/v2\/product_cat?post=1734"},{"taxonomy":"product_tag","embeddable":true,"href":"https:\/\/merseo.online\/index.php\/wp-json\/wp\/v2\/product_tag?post=1734"}],"curies":[{"name":"wp","href":"https:\/\/api.w.org\/{rel}","templated":true}]}}