{"id":1721,"date":"2026-04-08T16:11:09","date_gmt":"2026-04-08T16:11:09","guid":{"rendered":"https:\/\/merseo.online\/index.php\/product\/cocina-a-gas-portatil-para-camping-a-prueba-de-viento-fuego-fuerte\/"},"modified":"2026-04-08T16:11:11","modified_gmt":"2026-04-08T16:11:11","slug":"cocina-a-gas-portatil-para-camping-a-prueba-de-viento-fuego-fuerte","status":"publish","type":"product","link":"https:\/\/merseo.online\/index.php\/product\/cocina-a-gas-portatil-para-camping-a-prueba-de-viento-fuego-fuerte\/","title":{"rendered":"Cocina a gas port\u00e1til para camping a prueba de viento fuego fuerte"},"content":{"rendered":"<p>Estufa con gran potencia de fuego<br \/>\nEncendedor para un f\u00e1cil encendido<br \/>\nTama\u00f1o peque\u00f1o y f\u00e1cil de transportar<br \/>\nConecte el enchufe de aire y abra la v\u00e1lvula de aire. Ajustar<\/p>\n","protected":false},"excerpt":{"rendered":"<p>Estufa con gran potencia de fuego Encendedor para un f\u00e1cil encendido Tama\u00f1o peque\u00f1o y f\u00e1cil de transportar Conecte el enchufe de aire y abra la v\u00e1lvula de aire. Ajustar<\/p>\n","protected":false},"featured_media":1719,"comment_status":"open","ping_status":"closed","template":"","meta":[],"product_brand":[],"product_cat":[29],"product_tag":[214,210,212,211,213],"class_list":{"0":"post-1721","1":"product","2":"type-product","3":"status-publish","4":"has-post-thumbnail","6":"product_cat-aventura","7":"product_tag-cocina-para-camping","8":"product_tag-cocinacamping","9":"product_tag-cocinaportatil","10":"product_tag-hornillocamping","11":"product_tag-hornilloportatil","13":"first","14":"instock","15":"shipping-taxable","16":"purchasable","17":"product-type-simple"},"jetpack_sharing_enabled":true,"_links":{"self":[{"href":"https:\/\/merseo.online\/index.php\/wp-json\/wp\/v2\/product\/1721","targetHints":{"allow":["GET"]}}],"collection":[{"href":"https:\/\/merseo.online\/index.php\/wp-json\/wp\/v2\/product"}],"about":[{"href":"https:\/\/merseo.online\/index.php\/wp-json\/wp\/v2\/types\/product"}],"replies":[{"embeddable":true,"href":"https:\/\/merseo.online\/index.php\/wp-json\/wp\/v2\/comments?post=1721"}],"wp:featuredmedia":[{"embeddable":true,"href":"https:\/\/merseo.online\/index.php\/wp-json\/wp\/v2\/media\/1719"}],"wp:attachment":[{"href":"https:\/\/merseo.online\/index.php\/wp-json\/wp\/v2\/media?parent=1721"}],"wp:term":[{"taxonomy":"product_brand","embeddable":true,"href":"https:\/\/merseo.online\/index.php\/wp-json\/wp\/v2\/product_brand?post=1721"},{"taxonomy":"product_cat","embeddable":true,"href":"https:\/\/merseo.online\/index.php\/wp-json\/wp\/v2\/product_cat?post=1721"},{"taxonomy":"product_tag","embeddable":true,"href":"https:\/\/merseo.online\/index.php\/wp-json\/wp\/v2\/product_tag?post=1721"}],"curies":[{"name":"wp","href":"https:\/\/api.w.org\/{rel}","templated":true}]}}