{"id":1701,"date":"2026-03-18T02:15:27","date_gmt":"2026-03-18T02:15:27","guid":{"rendered":"https:\/\/merseo.online\/index.php\/product\/pasta-termica-para-cpu-artic-mx4\/"},"modified":"2026-04-16T22:25:28","modified_gmt":"2026-04-16T22:25:28","slug":"pasta-termica-para-cpu-artic-mx4","status":"publish","type":"product","link":"https:\/\/merseo.online\/index.php\/product\/pasta-termica-para-cpu-artic-mx4\/","title":{"rendered":"Pasta T\u00e9rmica para CPU Artic MX4"},"content":{"rendered":"<p>Pasta T\u00e9rmica MX-4 4G para CPU Laptops y Computadoras de Escritorio, Empaquetada para Refrigeraci\u00f3n de GPU<\/p>\n","protected":false},"excerpt":{"rendered":"<p>Pasta T\u00e9rmica MX-4 4G para CPU Laptops y Computadoras de Escritorio, Empaquetada para Refrigeraci\u00f3n de GPU<\/p>\n","protected":false},"featured_media":1700,"comment_status":"open","ping_status":"closed","template":"","meta":[],"product_brand":[],"product_cat":[27],"product_tag":[199,201,200],"class_list":{"0":"post-1701","1":"product","2":"type-product","3":"status-publish","4":"has-post-thumbnail","6":"product_cat-tecnologia","7":"product_tag-pastacpu","8":"product_tag-pastamx4","9":"product_tag-pastatermicacpu","11":"first","12":"instock","13":"shipping-taxable","14":"purchasable","15":"product-type-simple"},"jetpack_sharing_enabled":true,"_links":{"self":[{"href":"https:\/\/merseo.online\/index.php\/wp-json\/wp\/v2\/product\/1701","targetHints":{"allow":["GET"]}}],"collection":[{"href":"https:\/\/merseo.online\/index.php\/wp-json\/wp\/v2\/product"}],"about":[{"href":"https:\/\/merseo.online\/index.php\/wp-json\/wp\/v2\/types\/product"}],"replies":[{"embeddable":true,"href":"https:\/\/merseo.online\/index.php\/wp-json\/wp\/v2\/comments?post=1701"}],"wp:featuredmedia":[{"embeddable":true,"href":"https:\/\/merseo.online\/index.php\/wp-json\/wp\/v2\/media\/1700"}],"wp:attachment":[{"href":"https:\/\/merseo.online\/index.php\/wp-json\/wp\/v2\/media?parent=1701"}],"wp:term":[{"taxonomy":"product_brand","embeddable":true,"href":"https:\/\/merseo.online\/index.php\/wp-json\/wp\/v2\/product_brand?post=1701"},{"taxonomy":"product_cat","embeddable":true,"href":"https:\/\/merseo.online\/index.php\/wp-json\/wp\/v2\/product_cat?post=1701"},{"taxonomy":"product_tag","embeddable":true,"href":"https:\/\/merseo.online\/index.php\/wp-json\/wp\/v2\/product_tag?post=1701"}],"curies":[{"name":"wp","href":"https:\/\/api.w.org\/{rel}","templated":true}]}}