{"id":1684,"date":"2026-03-18T00:17:24","date_gmt":"2026-03-18T00:17:24","guid":{"rendered":"https:\/\/merseo.online\/index.php\/product\/brazo-magico-articulable-de-11-pulgadas-para-camara-dslr-monitores-u-otros-accesorios\/"},"modified":"2026-03-18T00:35:55","modified_gmt":"2026-03-18T00:35:55","slug":"brazo-magico-articulable-de-11-pulgadas-para-camara-dslr-monitores-u-otros-accesorios","status":"publish","type":"product","link":"https:\/\/merseo.online\/index.php\/product\/brazo-magico-articulable-de-11-pulgadas-para-camara-dslr-monitores-u-otros-accesorios\/","title":{"rendered":"Brazo m\u00e1gico articulable de 11 pulgadas para c\u00e1mara DSLR, monitores u otros accesorios"},"content":{"rendered":"<p>Brazo M\u00e1gico de 11 pulgadas que se puede ajustar, viene con un soporte de zapata caliente y un tornillo de tr\u00edpode de 1\/4 de pulgada, adecuado para configuraciones de c\u00e1maras DSLR, pantallas LCD, monitores DV, luces LED, unidades flash, micr\u00f3fonos y DJI Osmo<\/p>\n","protected":false},"excerpt":{"rendered":"<p>Brazo M\u00e1gico de 11 pulgadas que se puede ajustar, viene con un soporte de zapata caliente y un tornillo de tr\u00edpode de 1\/4 de pulgada, adecuado para configuraciones de c\u00e1maras DSLR, pantallas LCD, monitores DV, luces LED, unidades flash, micr\u00f3fonos y DJI Osmo<\/p>\n","protected":false},"featured_media":1691,"comment_status":"open","ping_status":"closed","template":"","meta":[],"product_brand":[],"product_cat":[41,25],"product_tag":[193,195,194],"class_list":{"0":"post-1684","1":"product","2":"type-product","3":"status-publish","4":"has-post-thumbnail","6":"product_cat-accesorios-camara","7":"product_cat-camaras","8":"product_tag-brazoarticulablecamara","9":"product_tag-brazocamaradslr","10":"product_tag-brazomagicocamara","12":"first","13":"instock","14":"shipping-taxable","15":"purchasable","16":"product-type-simple"},"jetpack_sharing_enabled":true,"_links":{"self":[{"href":"https:\/\/merseo.online\/index.php\/wp-json\/wp\/v2\/product\/1684","targetHints":{"allow":["GET"]}}],"collection":[{"href":"https:\/\/merseo.online\/index.php\/wp-json\/wp\/v2\/product"}],"about":[{"href":"https:\/\/merseo.online\/index.php\/wp-json\/wp\/v2\/types\/product"}],"replies":[{"embeddable":true,"href":"https:\/\/merseo.online\/index.php\/wp-json\/wp\/v2\/comments?post=1684"}],"wp:featuredmedia":[{"embeddable":true,"href":"https:\/\/merseo.online\/index.php\/wp-json\/wp\/v2\/media\/1691"}],"wp:attachment":[{"href":"https:\/\/merseo.online\/index.php\/wp-json\/wp\/v2\/media?parent=1684"}],"wp:term":[{"taxonomy":"product_brand","embeddable":true,"href":"https:\/\/merseo.online\/index.php\/wp-json\/wp\/v2\/product_brand?post=1684"},{"taxonomy":"product_cat","embeddable":true,"href":"https:\/\/merseo.online\/index.php\/wp-json\/wp\/v2\/product_cat?post=1684"},{"taxonomy":"product_tag","embeddable":true,"href":"https:\/\/merseo.online\/index.php\/wp-json\/wp\/v2\/product_tag?post=1684"}],"curies":[{"name":"wp","href":"https:\/\/api.w.org\/{rel}","templated":true}]}}