{"id":1676,"date":"2026-03-17T23:53:20","date_gmt":"2026-03-17T23:53:20","guid":{"rendered":"https:\/\/merseo.online\/index.php\/product\/tomacorriente-extension-multifuncion-usb-6-puertos\/"},"modified":"2026-03-17T23:53:21","modified_gmt":"2026-03-17T23:53:21","slug":"tomacorriente-extension-multifuncion-usb-6-puertos","status":"publish","type":"product","link":"https:\/\/merseo.online\/index.php\/product\/tomacorriente-extension-multifuncion-usb-6-puertos\/","title":{"rendered":"Tomacorriente Extension Multifuncion USB 6 puertos"},"content":{"rendered":"<p>Dise\u00f1o compacto: este mini enchufe es port\u00e1til y multifuncional, con 3 enchufes de CA, 2 puertos USB y 1 puerto USB-C.<\/p>\n<p>M\u00faltiples opciones de carga: Cargue hasta 6 dispositivos simult\u00e1neamente con las 3 tomas de CA, 2 puertos USB (5 V\/2,4 A) y 1 puerto USB-C (5 V\/3 A).<\/p>\n<p>Compatibilidad vers\u00e1til: compatible con varios dispositivos, incluidos tel\u00e9fonos inteligentes, tabletas, computadoras port\u00e1tiles y otros dispositivos electr\u00f3nicos alimentados por USB.<\/p>\n","protected":false},"excerpt":{"rendered":"<p>Dise\u00f1o compacto: este mini enchufe es port\u00e1til y multifuncional, con 3 enchufes de CA, 2 puertos USB y 1 puerto USB-C. M\u00faltiples opciones de carga: Cargue hasta 6 dispositivos simult\u00e1neamente con las 3 tomas de CA, 2 puertos USB (5 V\/2,4 A) y 1 puerto USB-C (5 V\/3 A). Compatibilidad vers\u00e1til: compatible con varios dispositivos, [&hellip;]<\/p>\n","protected":false},"featured_media":1675,"comment_status":"open","ping_status":"closed","template":"","meta":[],"product_brand":[],"product_cat":[26,28],"product_tag":[190,191,192],"class_list":{"0":"post-1676","1":"product","2":"type-product","3":"status-publish","4":"has-post-thumbnail","6":"product_cat-electronicos","7":"product_cat-hogar","8":"product_tag-enchufeusb","9":"product_tag-extensionusb","10":"product_tag-tomacorrienteusb","12":"first","13":"instock","14":"shipping-taxable","15":"purchasable","16":"product-type-simple"},"jetpack_sharing_enabled":true,"_links":{"self":[{"href":"https:\/\/merseo.online\/index.php\/wp-json\/wp\/v2\/product\/1676","targetHints":{"allow":["GET"]}}],"collection":[{"href":"https:\/\/merseo.online\/index.php\/wp-json\/wp\/v2\/product"}],"about":[{"href":"https:\/\/merseo.online\/index.php\/wp-json\/wp\/v2\/types\/product"}],"replies":[{"embeddable":true,"href":"https:\/\/merseo.online\/index.php\/wp-json\/wp\/v2\/comments?post=1676"}],"wp:featuredmedia":[{"embeddable":true,"href":"https:\/\/merseo.online\/index.php\/wp-json\/wp\/v2\/media\/1675"}],"wp:attachment":[{"href":"https:\/\/merseo.online\/index.php\/wp-json\/wp\/v2\/media?parent=1676"}],"wp:term":[{"taxonomy":"product_brand","embeddable":true,"href":"https:\/\/merseo.online\/index.php\/wp-json\/wp\/v2\/product_brand?post=1676"},{"taxonomy":"product_cat","embeddable":true,"href":"https:\/\/merseo.online\/index.php\/wp-json\/wp\/v2\/product_cat?post=1676"},{"taxonomy":"product_tag","embeddable":true,"href":"https:\/\/merseo.online\/index.php\/wp-json\/wp\/v2\/product_tag?post=1676"}],"curies":[{"name":"wp","href":"https:\/\/api.w.org\/{rel}","templated":true}]}}