{"id":1661,"date":"2026-02-26T22:04:27","date_gmt":"2026-02-26T22:04:27","guid":{"rendered":"https:\/\/merseo.online\/index.php\/product\/cargador-led-inteligente-con-4-ranuras-para-bateria-de-litio-18650-21700\/"},"modified":"2026-02-26T22:04:29","modified_gmt":"2026-02-26T22:04:29","slug":"cargador-led-inteligente-con-4-ranuras-para-bateria-de-litio-18650-21700","status":"publish","type":"product","link":"https:\/\/merseo.online\/index.php\/product\/cargador-led-inteligente-con-4-ranuras-para-bateria-de-litio-18650-21700\/","title":{"rendered":"Cargador LED Inteligente con 4 ranuras para bater\u00eda de Litio 18650 21700"},"content":{"rendered":"<p>Compatible para cargar diferentes tama\u00f1os y tipos de bater\u00edas. (Ver fotos)<\/p>\n<p>Ajusta autom\u00e1ticamente y elige la mejor corriente de carga (0.5A, 1.0A, 2.0A) seg\u00fan las necesidades de cada bater\u00eda para maximizar su vida \u00fatil.<\/p>\n<p>Atenci\u00f3n:<br \/>\nUtilice un conector est\u00e1ndar de 5 V, 2 A, para garantizar el funcionamiento normal, puede no funcionar, si la potencia es inferior a 5 V, 1 A.<\/p>\n<p>\ufffc No utilice un conector de pared, cuyo voltaje sea mayor a 5.5 V, ya que podr\u00eda da\u00f1ar el cargador.<\/p>\n","protected":false},"excerpt":{"rendered":"<p>Compatible para cargar diferentes tama\u00f1os y tipos de bater\u00edas. (Ver fotos) Ajusta autom\u00e1ticamente y elige la mejor corriente de carga (0.5A, 1.0A, 2.0A) seg\u00fan las necesidades de cada bater\u00eda para maximizar su vida \u00fatil. Atenci\u00f3n: Utilice un conector est\u00e1ndar de 5 V, 2 A, para garantizar el funcionamiento normal, puede no funcionar, si la potencia [&hellip;]<\/p>\n","protected":false},"featured_media":1659,"comment_status":"open","ping_status":"closed","template":"","meta":[],"product_brand":[],"product_cat":[26],"product_tag":[182,183,180,181],"class_list":{"0":"post-1661","1":"product","2":"type-product","3":"status-publish","4":"has-post-thumbnail","6":"product_cat-electronicos","7":"product_tag-cargador-inteligente","8":"product_tag-cargador-inteligente-4-ranuras","9":"product_tag-cargador18650","10":"product_tag-cargador21700","12":"first","13":"instock","14":"shipping-taxable","15":"purchasable","16":"product-type-simple"},"jetpack_sharing_enabled":true,"_links":{"self":[{"href":"https:\/\/merseo.online\/index.php\/wp-json\/wp\/v2\/product\/1661","targetHints":{"allow":["GET"]}}],"collection":[{"href":"https:\/\/merseo.online\/index.php\/wp-json\/wp\/v2\/product"}],"about":[{"href":"https:\/\/merseo.online\/index.php\/wp-json\/wp\/v2\/types\/product"}],"replies":[{"embeddable":true,"href":"https:\/\/merseo.online\/index.php\/wp-json\/wp\/v2\/comments?post=1661"}],"wp:featuredmedia":[{"embeddable":true,"href":"https:\/\/merseo.online\/index.php\/wp-json\/wp\/v2\/media\/1659"}],"wp:attachment":[{"href":"https:\/\/merseo.online\/index.php\/wp-json\/wp\/v2\/media?parent=1661"}],"wp:term":[{"taxonomy":"product_brand","embeddable":true,"href":"https:\/\/merseo.online\/index.php\/wp-json\/wp\/v2\/product_brand?post=1661"},{"taxonomy":"product_cat","embeddable":true,"href":"https:\/\/merseo.online\/index.php\/wp-json\/wp\/v2\/product_cat?post=1661"},{"taxonomy":"product_tag","embeddable":true,"href":"https:\/\/merseo.online\/index.php\/wp-json\/wp\/v2\/product_tag?post=1661"}],"curies":[{"name":"wp","href":"https:\/\/api.w.org\/{rel}","templated":true}]}}