{"id":1638,"date":"2026-02-14T02:43:27","date_gmt":"2026-02-14T02:43:27","guid":{"rendered":"https:\/\/merseo.online\/index.php\/product\/tripode-ventosa-para-coche-de-alta-resistencia-para-gopro-insta360-dji-action\/"},"modified":"2026-02-14T02:43:28","modified_gmt":"2026-02-14T02:43:28","slug":"tripode-ventosa-para-coche-de-alta-resistencia-para-gopro-insta360-dji-action","status":"publish","type":"product","link":"https:\/\/merseo.online\/index.php\/product\/tripode-ventosa-para-coche-de-alta-resistencia-para-gopro-insta360-dji-action\/","title":{"rendered":"Tr\u00edpode Ventosa para coche de alta resistencia para Gopro Insta360 Dji Action"},"content":{"rendered":"<p>Tr\u00edpode de ventosa para coche de alta resistencia, ideal para c\u00e1maras de acci\u00f3n como Gopro Hero 13, 12, 11, Insta360 X4, X3 y DJI Action 4, 3 Additions. Material: Pl\u00e1stico ABS de alta resistencia<\/p>\n<p>INCLUYE:<\/p>\n<p>1x Soporte tr\u00edpode ventosa<\/p>\n<p>No incluye tornillo ni adaptador<\/p>\n","protected":false},"excerpt":{"rendered":"<p>Tr\u00edpode de ventosa para coche de alta resistencia, ideal para c\u00e1maras de acci\u00f3n como Gopro Hero 13, 12, 11, Insta360 X4, X3 y DJI Action 4, 3 Additions. Material: Pl\u00e1stico ABS de alta resistencia INCLUYE: 1x Soporte tr\u00edpode ventosa No incluye tornillo ni adaptador<\/p>\n","protected":false},"featured_media":1635,"comment_status":"open","ping_status":"closed","template":"","meta":[],"product_brand":[],"product_cat":[41,53],"product_tag":[167,168,169],"class_list":{"0":"post-1638","1":"product","2":"type-product","3":"status-publish","4":"has-post-thumbnail","6":"product_cat-accesorios-camara","7":"product_cat-camaras-de-accion","8":"product_tag-tripode-ventosa-camara","9":"product_tag-tripodeventosacamara","10":"product_tag-ventosacochecamaraaccion","12":"first","13":"instock","14":"sale","15":"shipping-taxable","16":"purchasable","17":"product-type-simple"},"jetpack_sharing_enabled":true,"_links":{"self":[{"href":"https:\/\/merseo.online\/index.php\/wp-json\/wp\/v2\/product\/1638","targetHints":{"allow":["GET"]}}],"collection":[{"href":"https:\/\/merseo.online\/index.php\/wp-json\/wp\/v2\/product"}],"about":[{"href":"https:\/\/merseo.online\/index.php\/wp-json\/wp\/v2\/types\/product"}],"replies":[{"embeddable":true,"href":"https:\/\/merseo.online\/index.php\/wp-json\/wp\/v2\/comments?post=1638"}],"wp:featuredmedia":[{"embeddable":true,"href":"https:\/\/merseo.online\/index.php\/wp-json\/wp\/v2\/media\/1635"}],"wp:attachment":[{"href":"https:\/\/merseo.online\/index.php\/wp-json\/wp\/v2\/media?parent=1638"}],"wp:term":[{"taxonomy":"product_brand","embeddable":true,"href":"https:\/\/merseo.online\/index.php\/wp-json\/wp\/v2\/product_brand?post=1638"},{"taxonomy":"product_cat","embeddable":true,"href":"https:\/\/merseo.online\/index.php\/wp-json\/wp\/v2\/product_cat?post=1638"},{"taxonomy":"product_tag","embeddable":true,"href":"https:\/\/merseo.online\/index.php\/wp-json\/wp\/v2\/product_tag?post=1638"}],"curies":[{"name":"wp","href":"https:\/\/api.w.org\/{rel}","templated":true}]}}