{"id":1631,"date":"2026-02-14T02:24:30","date_gmt":"2026-02-14T02:24:30","guid":{"rendered":"https:\/\/merseo.online\/index.php\/product\/soporte-para-camara-de-accion-con-ventosa-ajustable-para-coche\/"},"modified":"2026-02-14T02:24:31","modified_gmt":"2026-02-14T02:24:31","slug":"soporte-para-camara-de-accion-con-ventosa-ajustable-para-coche","status":"publish","type":"product","link":"https:\/\/merseo.online\/index.php\/product\/soporte-para-camara-de-accion-con-ventosa-ajustable-para-coche\/","title":{"rendered":"Soporte para C\u00e1mara de acci\u00f3n con ventosa ajustable para coche"},"content":{"rendered":"<p>Soporte de Ventosa Ajustable para C\u00e1mara de Coche y Acci\u00f3n &#8211; ABS Duradero, Soporte Giratorio con Sujeci\u00f3n Segura para el Tablero, Compatible con Varios Veh\u00edculos<\/p>\n<p>INCLUYE:<br \/>\n1x Soporte de ventosa para camara<br \/>\n1x Tornillo<br \/>\n1x Adaptador<\/p>\n","protected":false},"excerpt":{"rendered":"<p>Soporte de Ventosa Ajustable para C\u00e1mara de Coche y Acci\u00f3n &#8211; ABS Duradero, Soporte Giratorio con Sujeci\u00f3n Segura para el Tablero, Compatible con Varios Veh\u00edculos INCLUYE: 1x Soporte de ventosa para camara 1x Tornillo 1x Adaptador<\/p>\n","protected":false},"featured_media":1630,"comment_status":"open","ping_status":"closed","template":"","meta":[],"product_brand":[],"product_cat":[41,53],"product_tag":[165,166,164,163],"class_list":{"0":"post-1631","1":"product","2":"type-product","3":"status-publish","4":"has-post-thumbnail","6":"product_cat-accesorios-camara","7":"product_cat-camaras-de-accion","8":"product_tag-soporte-ventosa-camara","9":"product_tag-soporteajustablecamaracoche","10":"product_tag-soportegopro","11":"product_tag-soporteventosacamara","13":"first","14":"instock","15":"sale","16":"shipping-taxable","17":"purchasable","18":"product-type-simple"},"jetpack_sharing_enabled":true,"_links":{"self":[{"href":"https:\/\/merseo.online\/index.php\/wp-json\/wp\/v2\/product\/1631","targetHints":{"allow":["GET"]}}],"collection":[{"href":"https:\/\/merseo.online\/index.php\/wp-json\/wp\/v2\/product"}],"about":[{"href":"https:\/\/merseo.online\/index.php\/wp-json\/wp\/v2\/types\/product"}],"replies":[{"embeddable":true,"href":"https:\/\/merseo.online\/index.php\/wp-json\/wp\/v2\/comments?post=1631"}],"wp:featuredmedia":[{"embeddable":true,"href":"https:\/\/merseo.online\/index.php\/wp-json\/wp\/v2\/media\/1630"}],"wp:attachment":[{"href":"https:\/\/merseo.online\/index.php\/wp-json\/wp\/v2\/media?parent=1631"}],"wp:term":[{"taxonomy":"product_brand","embeddable":true,"href":"https:\/\/merseo.online\/index.php\/wp-json\/wp\/v2\/product_brand?post=1631"},{"taxonomy":"product_cat","embeddable":true,"href":"https:\/\/merseo.online\/index.php\/wp-json\/wp\/v2\/product_cat?post=1631"},{"taxonomy":"product_tag","embeddable":true,"href":"https:\/\/merseo.online\/index.php\/wp-json\/wp\/v2\/product_tag?post=1631"}],"curies":[{"name":"wp","href":"https:\/\/api.w.org\/{rel}","templated":true}]}}