{"id":1625,"date":"2026-02-14T01:42:56","date_gmt":"2026-02-14T01:42:56","guid":{"rendered":"https:\/\/merseo.online\/index.php\/product\/soporte-adaptador-magnetico-para-dji-action-5-4-3\/"},"modified":"2026-02-14T01:42:58","modified_gmt":"2026-02-14T01:42:58","slug":"soporte-adaptador-magnetico-para-dji-action-5-4-3","status":"publish","type":"product","link":"https:\/\/merseo.online\/index.php\/product\/soporte-adaptador-magnetico-para-dji-action-5-4-3\/","title":{"rendered":"Soporte adaptador magn\u00e9tico para Dji Action 5 \/4 \/3"},"content":{"rendered":"<p>Base de Adaptador Magn\u00e9tico de Liberaci\u00f3n R\u00e1pida con Bloque Magn\u00e9tico Robusto para DJI Action5 Pro\/4\/3, que Permite la Fijaci\u00f3n Sin Herramientas y Est\u00e1 Equipada con Espaciadores de Silicona Antideslizantes.<\/p>\n<p>Este Accesorio es Compatible con C\u00e1maras de Acci\u00f3n DJI Action5 Pro\/4\/3<\/p>\n","protected":false},"excerpt":{"rendered":"<p>Base de Adaptador Magn\u00e9tico de Liberaci\u00f3n R\u00e1pida con Bloque Magn\u00e9tico Robusto para DJI Action5 Pro\/4\/3, que Permite la Fijaci\u00f3n Sin Herramientas y Est\u00e1 Equipada con Espaciadores de Silicona Antideslizantes. Este Accesorio es Compatible con C\u00e1maras de Acci\u00f3n DJI Action5 Pro\/4\/3<\/p>\n","protected":false},"featured_media":1623,"comment_status":"open","ping_status":"closed","template":"","meta":[],"product_brand":[],"product_cat":[41,53],"product_tag":[161,162,160],"class_list":{"0":"post-1625","1":"product","2":"type-product","3":"status-publish","4":"has-post-thumbnail","6":"product_cat-accesorios-camara","7":"product_cat-camaras-de-accion","8":"product_tag-adaptador-magnetico-dji-action","9":"product_tag-soporte-magnetico-camara-de-accion","10":"product_tag-soporteadaptadormagneticodji","12":"first","13":"instock","14":"sale","15":"shipping-taxable","16":"purchasable","17":"product-type-simple"},"jetpack_sharing_enabled":true,"_links":{"self":[{"href":"https:\/\/merseo.online\/index.php\/wp-json\/wp\/v2\/product\/1625","targetHints":{"allow":["GET"]}}],"collection":[{"href":"https:\/\/merseo.online\/index.php\/wp-json\/wp\/v2\/product"}],"about":[{"href":"https:\/\/merseo.online\/index.php\/wp-json\/wp\/v2\/types\/product"}],"replies":[{"embeddable":true,"href":"https:\/\/merseo.online\/index.php\/wp-json\/wp\/v2\/comments?post=1625"}],"wp:featuredmedia":[{"embeddable":true,"href":"https:\/\/merseo.online\/index.php\/wp-json\/wp\/v2\/media\/1623"}],"wp:attachment":[{"href":"https:\/\/merseo.online\/index.php\/wp-json\/wp\/v2\/media?parent=1625"}],"wp:term":[{"taxonomy":"product_brand","embeddable":true,"href":"https:\/\/merseo.online\/index.php\/wp-json\/wp\/v2\/product_brand?post=1625"},{"taxonomy":"product_cat","embeddable":true,"href":"https:\/\/merseo.online\/index.php\/wp-json\/wp\/v2\/product_cat?post=1625"},{"taxonomy":"product_tag","embeddable":true,"href":"https:\/\/merseo.online\/index.php\/wp-json\/wp\/v2\/product_tag?post=1625"}],"curies":[{"name":"wp","href":"https:\/\/api.w.org\/{rel}","templated":true}]}}