{"id":1617,"date":"2026-02-14T00:50:22","date_gmt":"2026-02-14T00:50:22","guid":{"rendered":"https:\/\/merseo.online\/index.php\/product\/palo-invisible-2-metros-para-insta360-gopro\/"},"modified":"2026-02-14T00:50:24","modified_gmt":"2026-02-14T00:50:24","slug":"palo-invisible-2-metros-para-insta360-gopro","status":"publish","type":"product","link":"https:\/\/merseo.online\/index.php\/product\/palo-invisible-2-metros-para-insta360-gopro\/","title":{"rendered":"Palo Invisible 2 metros para Insta360, Gopro"},"content":{"rendered":"<p>El palo de selfie y el mango vienen con una interfaz universal 1\/4,<\/p>\n<p>Mango de doble prop\u00f3sito para tr\u00edpode giratorio 360<\/p>\n<p>Compatible con los siguientes modelos:<br \/>\nInsta360 ONE X 4\/X3\/GO 3 para Gopro Hero 11\/10\/9 para DJI ACTION 3 \/2<\/p>\n<p>1. El material es de aleaci\u00f3n de aluminio de aviaci\u00f3n, el mango est\u00e1 hecho de PC de alta calidad, es resistente y duradero<br \/>\n2. Es un mango giratorio de 360 grados con un tornillo de 1\/4 en la parte superior, y tambi\u00e9n se puede utilizar como un tr\u00edpode de escritorio.<br \/>\n3. El tr\u00edpode de mango se puede absorber magn\u00e9ticamente para mantenerlo estable y no suelto.<br \/>\n4. Use un palo selfie, Ajuste la c\u00e1mara al modo de tiempo bala y ag\u00edtelo horizontalmente a una velocidad constante para grabar f\u00e1cilmente pel\u00edculas geniales de tiempo bala.<\/p>\n","protected":false},"excerpt":{"rendered":"<p>El palo de selfie y el mango vienen con una interfaz universal 1\/4, Mango de doble prop\u00f3sito para tr\u00edpode giratorio 360 Compatible con los siguientes modelos: Insta360 ONE X 4\/X3\/GO 3 para Gopro Hero 11\/10\/9 para DJI ACTION 3 \/2 1. El material es de aleaci\u00f3n de aluminio de aviaci\u00f3n, el mango est\u00e1 hecho de [&hellip;]<\/p>\n","protected":false},"featured_media":1615,"comment_status":"open","ping_status":"closed","template":"","meta":[],"product_brand":[],"product_cat":[41,53],"product_tag":[107,157,158,159],"class_list":{"0":"post-1617","1":"product","2":"type-product","3":"status-publish","4":"has-post-thumbnail","6":"product_cat-accesorios-camara","7":"product_cat-camaras-de-accion","8":"product_tag-palo-invisible","9":"product_tag-paloinsta360","10":"product_tag-paloinvisibleinsta360","11":"product_tag-selfiestick","13":"first","14":"instock","15":"sale","16":"shipping-taxable","17":"purchasable","18":"product-type-simple"},"jetpack_sharing_enabled":true,"_links":{"self":[{"href":"https:\/\/merseo.online\/index.php\/wp-json\/wp\/v2\/product\/1617","targetHints":{"allow":["GET"]}}],"collection":[{"href":"https:\/\/merseo.online\/index.php\/wp-json\/wp\/v2\/product"}],"about":[{"href":"https:\/\/merseo.online\/index.php\/wp-json\/wp\/v2\/types\/product"}],"replies":[{"embeddable":true,"href":"https:\/\/merseo.online\/index.php\/wp-json\/wp\/v2\/comments?post=1617"}],"wp:featuredmedia":[{"embeddable":true,"href":"https:\/\/merseo.online\/index.php\/wp-json\/wp\/v2\/media\/1615"}],"wp:attachment":[{"href":"https:\/\/merseo.online\/index.php\/wp-json\/wp\/v2\/media?parent=1617"}],"wp:term":[{"taxonomy":"product_brand","embeddable":true,"href":"https:\/\/merseo.online\/index.php\/wp-json\/wp\/v2\/product_brand?post=1617"},{"taxonomy":"product_cat","embeddable":true,"href":"https:\/\/merseo.online\/index.php\/wp-json\/wp\/v2\/product_cat?post=1617"},{"taxonomy":"product_tag","embeddable":true,"href":"https:\/\/merseo.online\/index.php\/wp-json\/wp\/v2\/product_tag?post=1617"}],"curies":[{"name":"wp","href":"https:\/\/api.w.org\/{rel}","templated":true}]}}