{"id":1597,"date":"2026-01-31T01:30:32","date_gmt":"2026-01-31T01:30:32","guid":{"rendered":"https:\/\/merseo.online\/?post_type=product&#038;p=1597"},"modified":"2026-01-31T04:52:11","modified_gmt":"2026-01-31T04:52:11","slug":"ventilador-humidificador-enfriador-de-aire-usb","status":"publish","type":"product","link":"https:\/\/merseo.online\/index.php\/product\/ventilador-humidificador-enfriador-de-aire-usb\/","title":{"rendered":"Ventilador humidificador enfriador de aire USB"},"content":{"rendered":"<p><iframe loading=\"lazy\" title=\"30 de enero de 2026\" width=\"563\" height=\"1000\" src=\"https:\/\/www.youtube.com\/embed\/190huowHZyY?feature=oembed\" frameborder=\"0\" allow=\"accelerometer; autoplay; clipboard-write; encrypted-media; gyroscope; picture-in-picture; web-share\" referrerpolicy=\"strict-origin-when-cross-origin\" allowfullscreen><\/iframe><\/p>\n<p>Prep\u00e1rate para este verano con este incre\u00edble ventilador port\u00e1til.\u27283 en 1: ventilador\/port\u00e1til\/humidificador!<br \/>\n\u2728 Ventilador personal para oficina, escritorio, espacios peque\u00f1os.<br \/>\n\ud83c\udf2c\ufe0f 3 velocidades<br \/>\n\u2728 Port\u00e1til: Asa tipo cuero<br \/>\n\u2744\ufe0f 5 pulverizadores<br \/>\n\u2728Luces led<br \/>\n\ud83c\udf2b\ufe0f Almacenamiento para agua de (500ml)<br \/>\n\ud83d\udca6 Temporizador para 1, 2 y 3 horas<br \/>\n\u2728 Dep\u00f3sito de agua y hielo que permite enfriar el aire<br \/>\n\u2728 \u00c1ngulo ajustable<br \/>\n\u2744\ufe0f Disponible en color az\u00fal y blanco verde negro<br \/>\n\u2728Aromatizador: Se puede colocar esencia en el dep\u00f3sito.<br \/>\n\ud83c\udf2a\ufe0fMedidas: 26 x 7 x 18cm<br \/>\n\u2728Nivel de ruido bajo<br \/>\n\u2728Potencia m\u00e1xima 10W<br \/>\n\ud83d\udcabIncluye cable USB tipo C<\/p>\n","protected":false},"excerpt":{"rendered":"<p>Prep\u00e1rate para este verano con este incre\u00edble ventilador port\u00e1til.\u27283 en 1: ventilador\/port\u00e1til\/humidificador! \u2728 Ventilador personal para oficina, escritorio, espacios peque\u00f1os. \ud83c\udf2c\ufe0f 3 velocidades \u2728 Port\u00e1til: Asa tipo cuero \u2744\ufe0f 5 pulverizadores \u2728Luces led \ud83c\udf2b\ufe0f Almacenamiento para agua de (500ml) \ud83d\udca6 Temporizador para 1, 2 y 3 horas \u2728 Dep\u00f3sito de agua y hielo que permite [&hellip;]<\/p>\n","protected":false},"featured_media":1594,"comment_status":"open","ping_status":"closed","template":"","meta":[],"product_brand":[],"product_cat":[28],"product_tag":[149,147,148],"class_list":{"0":"post-1597","1":"product","2":"type-product","3":"status-publish","4":"has-post-thumbnail","6":"product_cat-hogar","7":"product_tag-enfriador-aire-acondicionado-usb","8":"product_tag-ventilador","9":"product_tag-ventilador-humidificador-usb","11":"first","12":"instock","13":"shipping-taxable","14":"purchasable","15":"product-type-variable"},"jetpack_sharing_enabled":true,"_links":{"self":[{"href":"https:\/\/merseo.online\/index.php\/wp-json\/wp\/v2\/product\/1597","targetHints":{"allow":["GET"]}}],"collection":[{"href":"https:\/\/merseo.online\/index.php\/wp-json\/wp\/v2\/product"}],"about":[{"href":"https:\/\/merseo.online\/index.php\/wp-json\/wp\/v2\/types\/product"}],"replies":[{"embeddable":true,"href":"https:\/\/merseo.online\/index.php\/wp-json\/wp\/v2\/comments?post=1597"}],"wp:featuredmedia":[{"embeddable":true,"href":"https:\/\/merseo.online\/index.php\/wp-json\/wp\/v2\/media\/1594"}],"wp:attachment":[{"href":"https:\/\/merseo.online\/index.php\/wp-json\/wp\/v2\/media?parent=1597"}],"wp:term":[{"taxonomy":"product_brand","embeddable":true,"href":"https:\/\/merseo.online\/index.php\/wp-json\/wp\/v2\/product_brand?post=1597"},{"taxonomy":"product_cat","embeddable":true,"href":"https:\/\/merseo.online\/index.php\/wp-json\/wp\/v2\/product_cat?post=1597"},{"taxonomy":"product_tag","embeddable":true,"href":"https:\/\/merseo.online\/index.php\/wp-json\/wp\/v2\/product_tag?post=1597"}],"curies":[{"name":"wp","href":"https:\/\/api.w.org\/{rel}","templated":true}]}}