{"id":1592,"date":"2026-01-30T03:24:24","date_gmt":"2026-01-30T03:24:24","guid":{"rendered":"https:\/\/merseo.online\/index.php\/product\/multimetro-digital-inteligente-con-autocalibracion-voltimetro-probador-electrico-que-mide-voltaje\/"},"modified":"2026-01-30T03:24:26","modified_gmt":"2026-01-30T03:24:26","slug":"multimetro-digital-inteligente-con-autocalibracion-voltimetro-probador-electrico-que-mide-voltaje","status":"publish","type":"product","link":"https:\/\/merseo.online\/index.php\/product\/multimetro-digital-inteligente-con-autocalibracion-voltimetro-probador-electrico-que-mide-voltaje\/","title":{"rendered":"Mult\u00edmetro Digital Inteligente con Autocalibraci\u00f3n, Volt\u00edmetro, Probador El\u00e9ctrico que Mide Voltaje"},"content":{"rendered":"<p>El mult\u00edmetro digital inteligente Aicevoos AS-118D (6000 cuentas) es una herramienta autom\u00e1tica y f\u00e1cil de usar, ideal para mediciones el\u00e9ctricas (voltaje, corriente, resistencia, capacitancia, temperatura, continuidad, NCV y diodos). Destaca por su modo inteligente, que detecta autom\u00e1ticamente el par\u00e1metro a medir,True RMS, y su dise\u00f1o compacto con pantalla LCD a color de 4 pulgadas, siendo seguro (CAT III 600V) y port\u00e1til. <\/p>\n<p>Requiere 2 pilas AAA (pilas no incluida)<\/p>\n","protected":false},"excerpt":{"rendered":"<p>El mult\u00edmetro digital inteligente Aicevoos AS-118D (6000 cuentas) es una herramienta autom\u00e1tica y f\u00e1cil de usar, ideal para mediciones el\u00e9ctricas (voltaje, corriente, resistencia, capacitancia, temperatura, continuidad, NCV y diodos). Destaca por su modo inteligente, que detecta autom\u00e1ticamente el par\u00e1metro a medir,True RMS, y su dise\u00f1o compacto con pantalla LCD a color de 4 pulgadas, siendo [&hellip;]<\/p>\n","protected":false},"featured_media":1587,"comment_status":"open","ping_status":"closed","template":"","meta":[],"product_brand":[],"product_cat":[26],"product_tag":[145,144,146],"class_list":{"0":"post-1592","1":"product","2":"type-product","3":"status-publish","4":"has-post-thumbnail","6":"product_cat-electronicos","7":"product_tag-multimetro-digital","8":"product_tag-multimetro-inteligente","9":"product_tag-voltimetro-con-autocalibracion","11":"first","12":"instock","13":"shipping-taxable","14":"product-type-simple"},"jetpack_sharing_enabled":true,"_links":{"self":[{"href":"https:\/\/merseo.online\/index.php\/wp-json\/wp\/v2\/product\/1592","targetHints":{"allow":["GET"]}}],"collection":[{"href":"https:\/\/merseo.online\/index.php\/wp-json\/wp\/v2\/product"}],"about":[{"href":"https:\/\/merseo.online\/index.php\/wp-json\/wp\/v2\/types\/product"}],"replies":[{"embeddable":true,"href":"https:\/\/merseo.online\/index.php\/wp-json\/wp\/v2\/comments?post=1592"}],"wp:featuredmedia":[{"embeddable":true,"href":"https:\/\/merseo.online\/index.php\/wp-json\/wp\/v2\/media\/1587"}],"wp:attachment":[{"href":"https:\/\/merseo.online\/index.php\/wp-json\/wp\/v2\/media?parent=1592"}],"wp:term":[{"taxonomy":"product_brand","embeddable":true,"href":"https:\/\/merseo.online\/index.php\/wp-json\/wp\/v2\/product_brand?post=1592"},{"taxonomy":"product_cat","embeddable":true,"href":"https:\/\/merseo.online\/index.php\/wp-json\/wp\/v2\/product_cat?post=1592"},{"taxonomy":"product_tag","embeddable":true,"href":"https:\/\/merseo.online\/index.php\/wp-json\/wp\/v2\/product_tag?post=1592"}],"curies":[{"name":"wp","href":"https:\/\/api.w.org\/{rel}","templated":true}]}}