{"id":1576,"date":"2026-01-30T01:37:12","date_gmt":"2026-01-30T01:37:12","guid":{"rendered":"https:\/\/merseo.online\/index.php\/product\/mouse-gaming-rgb-usb-3200dpi\/"},"modified":"2026-01-30T01:37:14","modified_gmt":"2026-01-30T01:37:14","slug":"mouse-gaming-rgb-usb-3200dpi","status":"publish","type":"product","link":"https:\/\/merseo.online\/index.php\/product\/mouse-gaming-rgb-usb-3200dpi\/","title":{"rendered":"Mouse Gaming RGB USB 3200DPI"},"content":{"rendered":"<p>Lleva tu experiencia de juego a otro nivel con el rat\u00f3n Gaming S800. Dise\u00f1ado para los entusiastas de los esports, este rat\u00f3n de alto rendimiento cuenta con unos impresionantes 3200 DPI, que ofrecen una precisi\u00f3n y una capacidad de respuesta inigualables. Domina la competici\u00f3n con botones personalizables, dise\u00f1o ergon\u00f3mico y opciones de iluminaci\u00f3n RGB. Toma el control de tu juego y experimenta un nivel superior de precisi\u00f3n.<\/p>\n","protected":false},"excerpt":{"rendered":"<p>Lleva tu experiencia de juego a otro nivel con el rat\u00f3n Gaming S800. Dise\u00f1ado para los entusiastas de los esports, este rat\u00f3n de alto rendimiento cuenta con unos impresionantes 3200 DPI, que ofrecen una precisi\u00f3n y una capacidad de respuesta inigualables. Domina la competici\u00f3n con botones personalizables, dise\u00f1o ergon\u00f3mico y opciones de iluminaci\u00f3n RGB. Toma [&hellip;]<\/p>\n","protected":false},"featured_media":1570,"comment_status":"open","ping_status":"closed","template":"","meta":[],"product_brand":[],"product_cat":[27],"product_tag":[141,139,138,140],"class_list":{"0":"post-1576","1":"product","2":"type-product","3":"status-publish","4":"has-post-thumbnail","6":"product_cat-tecnologia","7":"product_tag-mouse-3200dpi-3200-dpi","8":"product_tag-mouse-ergonomico","9":"product_tag-mouse-gamer","10":"product_tag-mouse-rgb-gaming-usb","12":"first","13":"instock","14":"shipping-taxable","15":"product-type-simple"},"jetpack_sharing_enabled":true,"_links":{"self":[{"href":"https:\/\/merseo.online\/index.php\/wp-json\/wp\/v2\/product\/1576","targetHints":{"allow":["GET"]}}],"collection":[{"href":"https:\/\/merseo.online\/index.php\/wp-json\/wp\/v2\/product"}],"about":[{"href":"https:\/\/merseo.online\/index.php\/wp-json\/wp\/v2\/types\/product"}],"replies":[{"embeddable":true,"href":"https:\/\/merseo.online\/index.php\/wp-json\/wp\/v2\/comments?post=1576"}],"wp:featuredmedia":[{"embeddable":true,"href":"https:\/\/merseo.online\/index.php\/wp-json\/wp\/v2\/media\/1570"}],"wp:attachment":[{"href":"https:\/\/merseo.online\/index.php\/wp-json\/wp\/v2\/media?parent=1576"}],"wp:term":[{"taxonomy":"product_brand","embeddable":true,"href":"https:\/\/merseo.online\/index.php\/wp-json\/wp\/v2\/product_brand?post=1576"},{"taxonomy":"product_cat","embeddable":true,"href":"https:\/\/merseo.online\/index.php\/wp-json\/wp\/v2\/product_cat?post=1576"},{"taxonomy":"product_tag","embeddable":true,"href":"https:\/\/merseo.online\/index.php\/wp-json\/wp\/v2\/product_tag?post=1576"}],"curies":[{"name":"wp","href":"https:\/\/api.w.org\/{rel}","templated":true}]}}