{"id":1556,"date":"2026-01-29T23:06:12","date_gmt":"2026-01-29T23:06:12","guid":{"rendered":"https:\/\/merseo.online\/index.php\/product\/monitor-lcd-para-camara-feelworld-f6-plus-v2\/"},"modified":"2026-02-09T23:39:00","modified_gmt":"2026-02-09T23:39:00","slug":"monitor-lcd-para-camara-feelworld-f6-plus-v2","status":"publish","type":"product","link":"https:\/\/merseo.online\/index.php\/product\/monitor-lcd-para-camara-feelworld-f6-plus-v2\/","title":{"rendered":"Monitor LCD para C\u00e1mara FeelWorld F6 PLus V2"},"content":{"rendered":"<p>El Monitor Feelworld F6 Plus V2 se posiciona como una herramienta esencial para profesionales del video que buscan un monitor de campo confiable, preciso y adaptable a diversas situaciones de grabaci\u00f3n.<br \/>\nESPECIFICACIONES T\u00c9CNICAS<\/p>\n<p>Pantalla: IPS t\u00e1ctil de 6&#8243;<br \/>\nResoluci\u00f3n: 1920 x 1080 p\u00edxeles (Full HD)<br \/>\nRelaci\u00f3n de aspecto: 16:9<br \/>\nBrillo: 450 cd\/m\u00b2<br \/>\nContraste: 1000:1<br \/>\n\u00c1ngulo de visi\u00f3n: 160\u00b0 (horizontal y vertical)<br \/>\nEntradas: HDMI 4K, USB-C<br \/>\nSalidas: HDMI 4K, DC OUT 8V, jack 3.5 mm<br \/>\nCompatibilidad de formatos HDMI: hasta 4K UHD 3840\u00d72160p a 30Hz<br \/>\nImportaci\u00f3n de LUTs: v\u00eda tarjeta SD (.cube)<br \/>\nConsumo energ\u00e9tico: \u22649W<br \/>\nAlimentaci\u00f3n: DC 7\u201324V, USB-C 5V\/2A, bater\u00edas Sony NP-F y Canon LP-E6<br \/>\nDimensiones: 148 x 93 x 20 mm<br \/>\nPeso: 235 g<\/p>\n<p>INCLUYE:<\/p>\n<p>1x FeelWorld F6 PLus V2 Monitor LCD para C\u00e1mara<br \/>\n1x Cable HDMI<br \/>\n1x Brazo de inclinaci\u00f3n<br \/>\n1x Sombrina<br \/>\n1x Manual<br \/>\nNOTA: No incluye Bater\u00eda \ud83d\udd0b<\/p>\n","protected":false},"excerpt":{"rendered":"<p>El Monitor Feelworld F6 Plus V2 se posiciona como una herramienta esencial para profesionales del video que buscan un monitor de campo confiable, preciso y adaptable a diversas situaciones de grabaci\u00f3n. ESPECIFICACIONES T\u00c9CNICAS Pantalla: IPS t\u00e1ctil de 6&#8243; Resoluci\u00f3n: 1920 x 1080 p\u00edxeles (Full HD) Relaci\u00f3n de aspecto: 16:9 Brillo: 450 cd\/m\u00b2 Contraste: 1000:1 \u00c1ngulo [&hellip;]<\/p>\n","protected":false},"featured_media":1555,"comment_status":"open","ping_status":"closed","template":"","meta":[],"product_brand":[],"product_cat":[41,25],"product_tag":[130,131,132,133],"class_list":{"0":"post-1556","1":"product","2":"type-product","3":"status-publish","4":"has-post-thumbnail","6":"product_cat-accesorios-camara","7":"product_cat-camaras","8":"product_tag-monitor-camara","9":"product_tag-monitor-externo-camara-lcd","10":"product_tag-monitor-feelworld-f6-plus","11":"product_tag-monitor-tactil-camara","13":"first","14":"instock","15":"sale","16":"shipping-taxable","17":"purchasable","18":"product-type-simple"},"jetpack_sharing_enabled":true,"_links":{"self":[{"href":"https:\/\/merseo.online\/index.php\/wp-json\/wp\/v2\/product\/1556","targetHints":{"allow":["GET"]}}],"collection":[{"href":"https:\/\/merseo.online\/index.php\/wp-json\/wp\/v2\/product"}],"about":[{"href":"https:\/\/merseo.online\/index.php\/wp-json\/wp\/v2\/types\/product"}],"replies":[{"embeddable":true,"href":"https:\/\/merseo.online\/index.php\/wp-json\/wp\/v2\/comments?post=1556"}],"wp:featuredmedia":[{"embeddable":true,"href":"https:\/\/merseo.online\/index.php\/wp-json\/wp\/v2\/media\/1555"}],"wp:attachment":[{"href":"https:\/\/merseo.online\/index.php\/wp-json\/wp\/v2\/media?parent=1556"}],"wp:term":[{"taxonomy":"product_brand","embeddable":true,"href":"https:\/\/merseo.online\/index.php\/wp-json\/wp\/v2\/product_brand?post=1556"},{"taxonomy":"product_cat","embeddable":true,"href":"https:\/\/merseo.online\/index.php\/wp-json\/wp\/v2\/product_cat?post=1556"},{"taxonomy":"product_tag","embeddable":true,"href":"https:\/\/merseo.online\/index.php\/wp-json\/wp\/v2\/product_tag?post=1556"}],"curies":[{"name":"wp","href":"https:\/\/api.w.org\/{rel}","templated":true}]}}