{"id":1540,"date":"2026-01-29T22:24:54","date_gmt":"2026-01-29T22:24:54","guid":{"rendered":"https:\/\/merseo.online\/index.php\/product\/intervalometro-timelapse-para-camaras-sony-a58-nex-3nl-a7-a7r-a6000-a6500-hx300-rx100ii\/"},"modified":"2026-01-29T22:24:56","modified_gmt":"2026-01-29T22:24:56","slug":"intervalometro-timelapse-para-camaras-sony-a58-nex-3nl-a7-a7r-a6000-a6500-hx300-rx100ii","status":"publish","type":"product","link":"https:\/\/merseo.online\/index.php\/product\/intervalometro-timelapse-para-camaras-sony-a58-nex-3nl-a7-a7r-a6000-a6500-hx300-rx100ii\/","title":{"rendered":"Intervalometro Timelapse para c\u00e1maras SONY A58, NEX-3NL, A7, A7R, A6000, A6500, HX300, RX100II"},"content":{"rendered":"<p>Especificaciones<\/p>\n<p>Fuente de alimentaci\u00f3n: 1,5 V, 2 pilas AAA(No incluido)<br \/>\n&#8212; Retardo del temporizador: 0s a 99hrs 59min 59s en incrementos de 1s<br \/>\n&#8212; Tiempo de exposici\u00f3n: 0s a 99hrs 59min 59s en incrementos de 1s<br \/>\n&#8212; Peso: 150g (sin bater\u00edas)<br \/>\n&#8212; Longitud del cable:1000mm<br \/>\n&#8212; Dimensi\u00f3n: 150x38x15mm<br \/>\n&#8212; Duraci\u00f3n de la bater\u00eda: aproximadamente dos meses de disparo continuo con un retraso de 5 min, un tiempo de exposici\u00f3n de 4 min 56 s y un intervalo de 5 min.<br \/>\nCompatible con: Sony Alpha DSLR Alpha A58, A7 A7R A3000 A6000 HX300 RX100II HX50 RX100M2 RX100M3 HX400 HX60<\/p>\n<p>El paquete contiene<\/p>\n<p>1 x mando a distancia con temporizador Jintu<br \/>\n1 x Manual de instrucciones en chino e ingl\u00e9s<br \/>\nPaquete original de f\u00e1brica<\/p>\n","protected":false},"excerpt":{"rendered":"<p>Especificaciones Fuente de alimentaci\u00f3n: 1,5 V, 2 pilas AAA(No incluido) &#8212; Retardo del temporizador: 0s a 99hrs 59min 59s en incrementos de 1s &#8212; Tiempo de exposici\u00f3n: 0s a 99hrs 59min 59s en incrementos de 1s &#8212; Peso: 150g (sin bater\u00edas) &#8212; Longitud del cable:1000mm &#8212; Dimensi\u00f3n: 150x38x15mm &#8212; Duraci\u00f3n de la bater\u00eda: aproximadamente dos [&hellip;]<\/p>\n","protected":false},"featured_media":1538,"comment_status":"open","ping_status":"closed","template":"","meta":[],"product_brand":[],"product_cat":[41,25],"product_tag":[122,123,124,125,120,119,121],"class_list":{"0":"post-1540","1":"product","2":"type-product","3":"status-publish","4":"has-post-thumbnail","6":"product_cat-accesorios-camara","7":"product_cat-camaras","8":"product_tag-a6500","9":"product_tag-a7i","10":"product_tag-a7ii","11":"product_tag-a7iii-zv-e10","12":"product_tag-disparador-shutter-sony","13":"product_tag-intervalometro-sony","14":"product_tag-intervalometro-sony-a6000-a6100-a6300-a6400","16":"first","17":"instock","18":"sale","19":"shipping-taxable","20":"purchasable","21":"product-type-simple"},"jetpack_sharing_enabled":true,"_links":{"self":[{"href":"https:\/\/merseo.online\/index.php\/wp-json\/wp\/v2\/product\/1540","targetHints":{"allow":["GET"]}}],"collection":[{"href":"https:\/\/merseo.online\/index.php\/wp-json\/wp\/v2\/product"}],"about":[{"href":"https:\/\/merseo.online\/index.php\/wp-json\/wp\/v2\/types\/product"}],"replies":[{"embeddable":true,"href":"https:\/\/merseo.online\/index.php\/wp-json\/wp\/v2\/comments?post=1540"}],"wp:featuredmedia":[{"embeddable":true,"href":"https:\/\/merseo.online\/index.php\/wp-json\/wp\/v2\/media\/1538"}],"wp:attachment":[{"href":"https:\/\/merseo.online\/index.php\/wp-json\/wp\/v2\/media?parent=1540"}],"wp:term":[{"taxonomy":"product_brand","embeddable":true,"href":"https:\/\/merseo.online\/index.php\/wp-json\/wp\/v2\/product_brand?post=1540"},{"taxonomy":"product_cat","embeddable":true,"href":"https:\/\/merseo.online\/index.php\/wp-json\/wp\/v2\/product_cat?post=1540"},{"taxonomy":"product_tag","embeddable":true,"href":"https:\/\/merseo.online\/index.php\/wp-json\/wp\/v2\/product_tag?post=1540"}],"curies":[{"name":"wp","href":"https:\/\/api.w.org\/{rel}","templated":true}]}}