{"id":1491,"date":"2026-01-29T21:23:06","date_gmt":"2026-01-29T21:23:06","guid":{"rendered":"https:\/\/merseo.online\/index.php\/product\/set-funda-de-silicona-protector-de-pantalla-vidrio-templado-para-gopro-9-10-11-12\/"},"modified":"2026-01-29T21:23:07","modified_gmt":"2026-01-29T21:23:07","slug":"set-funda-de-silicona-protector-de-pantalla-vidrio-templado-para-gopro-9-10-11-12","status":"publish","type":"product","link":"https:\/\/merseo.online\/index.php\/product\/set-funda-de-silicona-protector-de-pantalla-vidrio-templado-para-gopro-9-10-11-12\/","title":{"rendered":"Set funda de silicona + protector de pantalla vidrio templado para Gopro 9, 10, 11, 12"},"content":{"rendered":"<p>Funda de silicona para GoPro Hero 11 10 9 Protector de pantalla de vidrio templado negro Pel\u00edcula protectora Tapa de lente para Go Pro 10 9 funda<br \/>\nProtecci\u00f3n fuerte<br \/>\nProteja su c\u00e1mara del polvo, los ara\u00f1azos y los guijarros voladores, que es una nueva protecci\u00f3n similar a la piel para su GoPro Hero 10\/GoPro Hero 9.<br \/>\nAjuste perfecto<br \/>\nAjuste seguro, f\u00e1cil de aplicar y quitar alrededor de la c\u00e1mara. F\u00e1cil de llevar con cord\u00f3n<br \/>\nVidrio templado 9H<br \/>\nHecho de vidrio templado 9H de alta calidad, protege la pantalla de ara\u00f1azos diarios, polvo, rasgu\u00f1os y signos normales de desgaste.<br \/>\nF\u00e1cil de instalar<br \/>\nEl protector de pantalla se puede adsorber autom\u00e1ticamente en la pantalla y la lente. Sin huellas dactilares, sin burbujas y no deja residuos cuando se retira.<\/p>\n","protected":false},"excerpt":{"rendered":"<p>Funda de silicona para GoPro Hero 11 10 9 Protector de pantalla de vidrio templado negro Pel\u00edcula protectora Tapa de lente para Go Pro 10 9 funda Protecci\u00f3n fuerte Proteja su c\u00e1mara del polvo, los ara\u00f1azos y los guijarros voladores, que es una nueva protecci\u00f3n similar a la piel para su GoPro Hero 10\/GoPro Hero [&hellip;]<\/p>\n","protected":false},"featured_media":1485,"comment_status":"open","ping_status":"closed","template":"","meta":[],"product_brand":[],"product_cat":[41,53],"product_tag":[57,95,96,97,98],"class_list":{"0":"post-1491","1":"product","2":"type-product","3":"status-publish","4":"has-post-thumbnail","6":"product_cat-accesorios-camara","7":"product_cat-camaras-de-accion","8":"product_tag-accesorios-camara","9":"product_tag-accesorios-camara-de-accion","10":"product_tag-accesorios-gopro","11":"product_tag-funda-silicona-gopro","12":"product_tag-funda-y-mica-protectora-gopro","14":"first","15":"instock","16":"shipping-taxable","17":"product-type-simple"},"jetpack_sharing_enabled":true,"_links":{"self":[{"href":"https:\/\/merseo.online\/index.php\/wp-json\/wp\/v2\/product\/1491","targetHints":{"allow":["GET"]}}],"collection":[{"href":"https:\/\/merseo.online\/index.php\/wp-json\/wp\/v2\/product"}],"about":[{"href":"https:\/\/merseo.online\/index.php\/wp-json\/wp\/v2\/types\/product"}],"replies":[{"embeddable":true,"href":"https:\/\/merseo.online\/index.php\/wp-json\/wp\/v2\/comments?post=1491"}],"wp:featuredmedia":[{"embeddable":true,"href":"https:\/\/merseo.online\/index.php\/wp-json\/wp\/v2\/media\/1485"}],"wp:attachment":[{"href":"https:\/\/merseo.online\/index.php\/wp-json\/wp\/v2\/media?parent=1491"}],"wp:term":[{"taxonomy":"product_brand","embeddable":true,"href":"https:\/\/merseo.online\/index.php\/wp-json\/wp\/v2\/product_brand?post=1491"},{"taxonomy":"product_cat","embeddable":true,"href":"https:\/\/merseo.online\/index.php\/wp-json\/wp\/v2\/product_cat?post=1491"},{"taxonomy":"product_tag","embeddable":true,"href":"https:\/\/merseo.online\/index.php\/wp-json\/wp\/v2\/product_tag?post=1491"}],"curies":[{"name":"wp","href":"https:\/\/api.w.org\/{rel}","templated":true}]}}