{"id":1484,"date":"2026-01-29T21:13:27","date_gmt":"2026-01-29T21:13:27","guid":{"rendered":"https:\/\/merseo.online\/index.php\/product\/arnes-para-camara-dual-con-funda-lateral\/"},"modified":"2026-01-29T21:13:28","modified_gmt":"2026-01-29T21:13:28","slug":"arnes-para-camara-dual-con-funda-lateral","status":"publish","type":"product","link":"https:\/\/merseo.online\/index.php\/product\/arnes-para-camara-dual-con-funda-lateral\/","title":{"rendered":"Arn\u00e9s para c\u00e1mara Dual con funda lateral"},"content":{"rendered":"<p>Tama\u00f1o: 145 cm\/57,08 pulgadas (cintur\u00f3n m\u00e1ximo)<br \/>\n16,5 cm \u00d7 22,5 cm\/6,49 x 8,85 pulgadas (placa base)<br \/>\nPeso: 526 g<br \/>\nEl paquete incluye: 1 Juego de correa para c\u00e1mara Es un sistema de arn\u00e9s para el pecho \u00fanico que admite 1 o 2 c\u00e1maras, lo que elimina la tensi\u00f3n del cuello generalmente asociada con la toma de trabajos largos como bodas, deportes, relaciones p\u00fablicas y fotoperiodismo.<\/p>\n<p>La funda lateral le permite llevar un estilo de funda para segunda c\u00e1mara, dej\u00e1ndole manos libres para otras actividades como usar su tel\u00e9fono o enviar mensajes de texto hasta que est\u00e9 listo para disparar.<\/p>\n<p>Lleva c\u00f3modamente cualquier tama\u00f1o de combinaci\u00f3n de c\u00e1mara y lentes.<br \/>\nSistema de bloqueo seguro y f\u00e1cil de liberar;<br \/>\nDise\u00f1o de transporte de 1 o 2 c\u00e1maras;<br \/>\nIdeal para fotograf\u00eda de deportes, naturaleza y bodas.<\/p>\n","protected":false},"excerpt":{"rendered":"<p>Tama\u00f1o: 145 cm\/57,08 pulgadas (cintur\u00f3n m\u00e1ximo) 16,5 cm \u00d7 22,5 cm\/6,49 x 8,85 pulgadas (placa base) Peso: 526 g El paquete incluye: 1 Juego de correa para c\u00e1mara Es un sistema de arn\u00e9s para el pecho \u00fanico que admite 1 o 2 c\u00e1maras, lo que elimina la tensi\u00f3n del cuello generalmente asociada con la toma [&hellip;]<\/p>\n","protected":false},"featured_media":1481,"comment_status":"open","ping_status":"closed","template":"","meta":[],"product_brand":[],"product_cat":[41],"product_tag":[57,94,93],"class_list":{"0":"post-1484","1":"product","2":"type-product","3":"status-publish","4":"has-post-thumbnail","6":"product_cat-accesorios-camara","7":"product_tag-accesorios-camara","8":"product_tag-arnes-camara-mirroless","9":"product_tag-funda-pechera-camara-dslr","11":"first","12":"instock","13":"shipping-taxable","14":"purchasable","15":"product-type-simple"},"jetpack_sharing_enabled":true,"_links":{"self":[{"href":"https:\/\/merseo.online\/index.php\/wp-json\/wp\/v2\/product\/1484","targetHints":{"allow":["GET"]}}],"collection":[{"href":"https:\/\/merseo.online\/index.php\/wp-json\/wp\/v2\/product"}],"about":[{"href":"https:\/\/merseo.online\/index.php\/wp-json\/wp\/v2\/types\/product"}],"replies":[{"embeddable":true,"href":"https:\/\/merseo.online\/index.php\/wp-json\/wp\/v2\/comments?post=1484"}],"wp:featuredmedia":[{"embeddable":true,"href":"https:\/\/merseo.online\/index.php\/wp-json\/wp\/v2\/media\/1481"}],"wp:attachment":[{"href":"https:\/\/merseo.online\/index.php\/wp-json\/wp\/v2\/media?parent=1484"}],"wp:term":[{"taxonomy":"product_brand","embeddable":true,"href":"https:\/\/merseo.online\/index.php\/wp-json\/wp\/v2\/product_brand?post=1484"},{"taxonomy":"product_cat","embeddable":true,"href":"https:\/\/merseo.online\/index.php\/wp-json\/wp\/v2\/product_cat?post=1484"},{"taxonomy":"product_tag","embeddable":true,"href":"https:\/\/merseo.online\/index.php\/wp-json\/wp\/v2\/product_tag?post=1484"}],"curies":[{"name":"wp","href":"https:\/\/api.w.org\/{rel}","templated":true}]}}