{"id":1480,"date":"2026-01-29T21:02:51","date_gmt":"2026-01-29T21:02:51","guid":{"rendered":"https:\/\/merseo.online\/index.php\/product\/arnes-pechera-para-camara-telefono-gopro-ciclismo-con-soporte-de-silicona\/"},"modified":"2026-01-29T21:02:52","modified_gmt":"2026-01-29T21:02:52","slug":"arnes-pechera-para-camara-telefono-gopro-ciclismo-con-soporte-de-silicona","status":"publish","type":"product","link":"https:\/\/merseo.online\/index.php\/product\/arnes-pechera-para-camara-telefono-gopro-ciclismo-con-soporte-de-silicona\/","title":{"rendered":"Arn\u00e9s pechera para c\u00e1mara Tel\u00e9fono, Gopro, ciclismo con soporte de silicona"},"content":{"rendered":"<p>Soporte de Pecho para Tel\u00e9fono M\u00f3vil Montura de Correa de Pecho GoPro para VLOG\/POV Soporte de Pecho para Celular con soporte de silicona.<\/p>\n","protected":false},"excerpt":{"rendered":"<p>Soporte de Pecho para Tel\u00e9fono M\u00f3vil Montura de Correa de Pecho GoPro para VLOG\/POV Soporte de Pecho para Celular con soporte de silicona.<\/p>\n","protected":false},"featured_media":1479,"comment_status":"open","ping_status":"closed","template":"","meta":[],"product_brand":[],"product_cat":[41,53],"product_tag":[57,88,91,90,92],"class_list":{"0":"post-1480","1":"product","2":"type-product","3":"status-publish","4":"has-post-thumbnail","6":"product_cat-accesorios-camara","7":"product_cat-camaras-de-accion","8":"product_tag-accesorios-camara","9":"product_tag-arnes-camara","10":"product_tag-arnes-correa-celular","11":"product_tag-arnes-correa-gopro","12":"product_tag-soporte-pechera-pecho-telefono","14":"first","15":"instock","16":"sale","17":"shipping-taxable","18":"purchasable","19":"product-type-simple"},"jetpack_sharing_enabled":true,"_links":{"self":[{"href":"https:\/\/merseo.online\/index.php\/wp-json\/wp\/v2\/product\/1480","targetHints":{"allow":["GET"]}}],"collection":[{"href":"https:\/\/merseo.online\/index.php\/wp-json\/wp\/v2\/product"}],"about":[{"href":"https:\/\/merseo.online\/index.php\/wp-json\/wp\/v2\/types\/product"}],"replies":[{"embeddable":true,"href":"https:\/\/merseo.online\/index.php\/wp-json\/wp\/v2\/comments?post=1480"}],"wp:featuredmedia":[{"embeddable":true,"href":"https:\/\/merseo.online\/index.php\/wp-json\/wp\/v2\/media\/1479"}],"wp:attachment":[{"href":"https:\/\/merseo.online\/index.php\/wp-json\/wp\/v2\/media?parent=1480"}],"wp:term":[{"taxonomy":"product_brand","embeddable":true,"href":"https:\/\/merseo.online\/index.php\/wp-json\/wp\/v2\/product_brand?post=1480"},{"taxonomy":"product_cat","embeddable":true,"href":"https:\/\/merseo.online\/index.php\/wp-json\/wp\/v2\/product_cat?post=1480"},{"taxonomy":"product_tag","embeddable":true,"href":"https:\/\/merseo.online\/index.php\/wp-json\/wp\/v2\/product_tag?post=1480"}],"curies":[{"name":"wp","href":"https:\/\/api.w.org\/{rel}","templated":true}]}}