{"id":1475,"date":"2026-01-29T20:44:56","date_gmt":"2026-01-29T20:44:56","guid":{"rendered":"https:\/\/merseo.online\/index.php\/product\/arnes-de-hombro-ajustable-para-doble-camara-dslr-slr\/"},"modified":"2026-01-29T20:44:58","modified_gmt":"2026-01-29T20:44:58","slug":"arnes-de-hombro-ajustable-para-doble-camara-dslr-slr","status":"publish","type":"product","link":"https:\/\/merseo.online\/index.php\/product\/arnes-de-hombro-ajustable-para-doble-camara-dslr-slr\/","title":{"rendered":"Arn\u00e9s de hombro ajustable para doble c\u00e1mara DSLR SLR"},"content":{"rendered":"<p>Correa Focus p\/dos c\u00e1maras<br \/>\nC\u00f3modo de usar \u263a\ud83d\udcf8<br \/>\nTiene una placa de liberaci\u00f3n r\u00e1pida para tr\u00edpode con rosca de 1\/4 \u00abpara conectar la c\u00e1mara a cualquier dispositivo con tornillo de 1\/4\u00bb.<br \/>\nLa correa adopta un dise\u00f1o ergon\u00f3mico y el peso se distribuye uniformemente a trav\u00e9s de la almohadilla para el hombro.\ud83d\udcf8\ud83d\udcf7<\/p>\n","protected":false},"excerpt":{"rendered":"<p>Correa Focus p\/dos c\u00e1maras C\u00f3modo de usar \u263a\ud83d\udcf8 Tiene una placa de liberaci\u00f3n r\u00e1pida para tr\u00edpode con rosca de 1\/4 \u00abpara conectar la c\u00e1mara a cualquier dispositivo con tornillo de 1\/4\u00bb. La correa adopta un dise\u00f1o ergon\u00f3mico y el peso se distribuye uniformemente a trav\u00e9s de la almohadilla para el hombro.\ud83d\udcf8\ud83d\udcf7<\/p>\n","protected":false},"featured_media":1471,"comment_status":"open","ping_status":"closed","template":"","meta":[],"product_brand":[],"product_cat":[41,53],"product_tag":[57,88,89],"class_list":{"0":"post-1475","1":"product","2":"type-product","3":"status-publish","4":"has-post-thumbnail","6":"product_cat-accesorios-camara","7":"product_cat-camaras-de-accion","8":"product_tag-accesorios-camara","9":"product_tag-arnes-camara","10":"product_tag-arnes-correa-camara-dslr","12":"first","13":"instock","14":"sale","15":"shipping-taxable","16":"purchasable","17":"product-type-simple"},"jetpack_sharing_enabled":true,"_links":{"self":[{"href":"https:\/\/merseo.online\/index.php\/wp-json\/wp\/v2\/product\/1475","targetHints":{"allow":["GET"]}}],"collection":[{"href":"https:\/\/merseo.online\/index.php\/wp-json\/wp\/v2\/product"}],"about":[{"href":"https:\/\/merseo.online\/index.php\/wp-json\/wp\/v2\/types\/product"}],"replies":[{"embeddable":true,"href":"https:\/\/merseo.online\/index.php\/wp-json\/wp\/v2\/comments?post=1475"}],"wp:featuredmedia":[{"embeddable":true,"href":"https:\/\/merseo.online\/index.php\/wp-json\/wp\/v2\/media\/1471"}],"wp:attachment":[{"href":"https:\/\/merseo.online\/index.php\/wp-json\/wp\/v2\/media?parent=1475"}],"wp:term":[{"taxonomy":"product_brand","embeddable":true,"href":"https:\/\/merseo.online\/index.php\/wp-json\/wp\/v2\/product_brand?post=1475"},{"taxonomy":"product_cat","embeddable":true,"href":"https:\/\/merseo.online\/index.php\/wp-json\/wp\/v2\/product_cat?post=1475"},{"taxonomy":"product_tag","embeddable":true,"href":"https:\/\/merseo.online\/index.php\/wp-json\/wp\/v2\/product_tag?post=1475"}],"curies":[{"name":"wp","href":"https:\/\/api.w.org\/{rel}","templated":true}]}}