{"id":1452,"date":"2026-01-29T06:08:38","date_gmt":"2026-01-29T06:08:38","guid":{"rendered":"https:\/\/merseo.online\/index.php\/product\/arnes-de-montaje-para-camara-de-accion-gopro\/"},"modified":"2026-01-29T06:08:40","modified_gmt":"2026-01-29T06:08:40","slug":"arnes-de-montaje-para-camara-de-accion-gopro","status":"publish","type":"product","link":"https:\/\/merseo.online\/index.php\/product\/arnes-de-montaje-para-camara-de-accion-gopro\/","title":{"rendered":"Arn\u00e9s de montaje para C\u00e1mara de acci\u00f3n Gopro"},"content":{"rendered":"<p>Arn\u00e9s de montaje para Gopro<\/p>\n<p>CARACTER\u00cdSTICAS :<br \/>\nColor: negro<br \/>\nMaterial: PC + nailon + neopreno<br \/>\nAdecuado para c\u00e1mara GoPro HERO3\/3 + Hero 4<br \/>\nBueno para fotograf\u00eda al aire libre<br \/>\nLa longitud de la correa es ajustable, muy conveniente de usar<br \/>\nAdopta un dise\u00f1o ergon\u00f3mico y el peso se distribuye uniformemente a trav\u00e9s de la hombrera.<br \/>\nEquipado con placa de conexi\u00f3n que se adapta a llevar su c\u00e1mara Gopro en el hombro<br \/>\nLa correa para el hombro est\u00e1 hecha de nailon el\u00e1stico y hebilla de policarbonato, muy suave y<br \/>\nC\u00f3modo de llevar<br \/>\nAdecuado para esquiar, ciclismo de monta\u00f1a, motocross, navegaci\u00f3n, etc.<\/p>\n<p>INCLUYE:<br \/>\n1 correa para el pecho<br \/>\n(Presentaci\u00f3n en Bolsa)<\/p>\n","protected":false},"excerpt":{"rendered":"<p>Arn\u00e9s de montaje para Gopro CARACTER\u00cdSTICAS : Color: negro Material: PC + nailon + neopreno Adecuado para c\u00e1mara GoPro HERO3\/3 + Hero 4 Bueno para fotograf\u00eda al aire libre La longitud de la correa es ajustable, muy conveniente de usar Adopta un dise\u00f1o ergon\u00f3mico y el peso se distribuye uniformemente a trav\u00e9s de la hombrera. [&hellip;]<\/p>\n","protected":false},"featured_media":1451,"comment_status":"open","ping_status":"closed","template":"","meta":[],"product_brand":[],"product_cat":[53],"product_tag":[77,78,76],"class_list":{"0":"post-1452","1":"product","2":"type-product","3":"status-publish","4":"has-post-thumbnail","6":"product_cat-camaras-de-accion","7":"product_tag-arnes-camara-de-accion","8":"product_tag-arnes-hombro-go-pro","9":"product_tag-correa-gopro","11":"first","12":"instock","13":"sale","14":"shipping-taxable","15":"purchasable","16":"product-type-simple"},"jetpack_sharing_enabled":true,"_links":{"self":[{"href":"https:\/\/merseo.online\/index.php\/wp-json\/wp\/v2\/product\/1452","targetHints":{"allow":["GET"]}}],"collection":[{"href":"https:\/\/merseo.online\/index.php\/wp-json\/wp\/v2\/product"}],"about":[{"href":"https:\/\/merseo.online\/index.php\/wp-json\/wp\/v2\/types\/product"}],"replies":[{"embeddable":true,"href":"https:\/\/merseo.online\/index.php\/wp-json\/wp\/v2\/comments?post=1452"}],"wp:featuredmedia":[{"embeddable":true,"href":"https:\/\/merseo.online\/index.php\/wp-json\/wp\/v2\/media\/1451"}],"wp:attachment":[{"href":"https:\/\/merseo.online\/index.php\/wp-json\/wp\/v2\/media?parent=1452"}],"wp:term":[{"taxonomy":"product_brand","embeddable":true,"href":"https:\/\/merseo.online\/index.php\/wp-json\/wp\/v2\/product_brand?post=1452"},{"taxonomy":"product_cat","embeddable":true,"href":"https:\/\/merseo.online\/index.php\/wp-json\/wp\/v2\/product_cat?post=1452"},{"taxonomy":"product_tag","embeddable":true,"href":"https:\/\/merseo.online\/index.php\/wp-json\/wp\/v2\/product_tag?post=1452"}],"curies":[{"name":"wp","href":"https:\/\/api.w.org\/{rel}","templated":true}]}}