{"id":1441,"date":"2026-01-29T05:44:56","date_gmt":"2026-01-29T05:44:56","guid":{"rendered":"https:\/\/merseo.online\/index.php\/product\/empunadura-lateral-para-camara-jaula-dslr-con-tornillo-1-4\/"},"modified":"2026-01-29T05:44:58","modified_gmt":"2026-01-29T05:44:58","slug":"empunadura-lateral-para-camara-jaula-dslr-con-tornillo-1-4","status":"publish","type":"product","link":"https:\/\/merseo.online\/index.php\/product\/empunadura-lateral-para-camara-jaula-dslr-con-tornillo-1-4\/","title":{"rendered":"Empu\u00f1adura lateral para camara Jaula DSLR con tornillo 1\/4"},"content":{"rendered":"<p>Empu\u00f1adura Lateral para C\u00e1mara Port\u00e1til Ligera con Tornillo 1\/4&#8243;-20, Agarre para C\u00e1maras DSLR Sony Canon Nikon con Montura Cold Shoe<\/p>\n","protected":false},"excerpt":{"rendered":"<p>Empu\u00f1adura Lateral para C\u00e1mara Port\u00e1til Ligera con Tornillo 1\/4&#8243;-20, Agarre para C\u00e1maras DSLR Sony Canon Nikon con Montura Cold Shoe<\/p>\n","protected":false},"featured_media":1438,"comment_status":"open","ping_status":"closed","template":"","meta":[],"product_brand":[],"product_cat":[41,25],"product_tag":[59,71,72],"class_list":{"0":"post-1441","1":"product","2":"type-product","3":"status-publish","4":"has-post-thumbnail","6":"product_cat-accesorios-camara","7":"product_cat-camaras","8":"product_tag-asa-aluminio-camara-dslr-mirroless","9":"product_tag-empunadura-lateral-para-jaula-camara","10":"product_tag-mango-de-madera-para-jaula-camara","12":"first","13":"instock","14":"sale","15":"shipping-taxable","16":"purchasable","17":"product-type-simple"},"jetpack_sharing_enabled":true,"_links":{"self":[{"href":"https:\/\/merseo.online\/index.php\/wp-json\/wp\/v2\/product\/1441","targetHints":{"allow":["GET"]}}],"collection":[{"href":"https:\/\/merseo.online\/index.php\/wp-json\/wp\/v2\/product"}],"about":[{"href":"https:\/\/merseo.online\/index.php\/wp-json\/wp\/v2\/types\/product"}],"replies":[{"embeddable":true,"href":"https:\/\/merseo.online\/index.php\/wp-json\/wp\/v2\/comments?post=1441"}],"wp:featuredmedia":[{"embeddable":true,"href":"https:\/\/merseo.online\/index.php\/wp-json\/wp\/v2\/media\/1438"}],"wp:attachment":[{"href":"https:\/\/merseo.online\/index.php\/wp-json\/wp\/v2\/media?parent=1441"}],"wp:term":[{"taxonomy":"product_brand","embeddable":true,"href":"https:\/\/merseo.online\/index.php\/wp-json\/wp\/v2\/product_brand?post=1441"},{"taxonomy":"product_cat","embeddable":true,"href":"https:\/\/merseo.online\/index.php\/wp-json\/wp\/v2\/product_cat?post=1441"},{"taxonomy":"product_tag","embeddable":true,"href":"https:\/\/merseo.online\/index.php\/wp-json\/wp\/v2\/product_tag?post=1441"}],"curies":[{"name":"wp","href":"https:\/\/api.w.org\/{rel}","templated":true}]}}