{"id":1434,"date":"2026-01-29T05:35:54","date_gmt":"2026-01-29T05:35:54","guid":{"rendered":"https:\/\/merseo.online\/index.php\/product\/empunadura-mango-lateral-ergonomica-para-camara\/"},"modified":"2026-01-29T05:39:22","modified_gmt":"2026-01-29T05:39:22","slug":"empunadura-mango-lateral-ergonomica-para-camara","status":"publish","type":"product","link":"https:\/\/merseo.online\/index.php\/product\/empunadura-mango-lateral-ergonomica-para-camara\/","title":{"rendered":"Empu\u00f1adura Mango Lateral Ergon\u00f3mica para Jaula de C\u00e1mara"},"content":{"rendered":"<p>Asa lateral de madera con liberaci\u00f3n r\u00e1pida, compatible para c\u00e1maras SLR y sin espejo &#8211; caoba ergon\u00f3mica con aleaci\u00f3n de aluminio, incluye llave hexagonal<\/p>\n","protected":false},"excerpt":{"rendered":"<p>Asa lateral de madera con liberaci\u00f3n r\u00e1pida, compatible para c\u00e1maras SLR y sin espejo &#8211; caoba ergon\u00f3mica con aleaci\u00f3n de aluminio, incluye llave hexagonal<\/p>\n","protected":false},"featured_media":1430,"comment_status":"open","ping_status":"closed","template":"","meta":[],"product_brand":[],"product_cat":[41,25],"product_tag":[70,71,72],"class_list":{"0":"post-1434","1":"product","2":"type-product","3":"status-publish","4":"has-post-thumbnail","6":"product_cat-accesorios-camara","7":"product_cat-camaras","8":"product_tag-asa-lateral-camara","9":"product_tag-empunadura-lateral-para-jaula-camara","10":"product_tag-mango-de-madera-para-jaula-camara","12":"first","13":"instock","14":"sale","15":"shipping-taxable","16":"purchasable","17":"product-type-simple"},"jetpack_sharing_enabled":true,"_links":{"self":[{"href":"https:\/\/merseo.online\/index.php\/wp-json\/wp\/v2\/product\/1434","targetHints":{"allow":["GET"]}}],"collection":[{"href":"https:\/\/merseo.online\/index.php\/wp-json\/wp\/v2\/product"}],"about":[{"href":"https:\/\/merseo.online\/index.php\/wp-json\/wp\/v2\/types\/product"}],"replies":[{"embeddable":true,"href":"https:\/\/merseo.online\/index.php\/wp-json\/wp\/v2\/comments?post=1434"}],"wp:featuredmedia":[{"embeddable":true,"href":"https:\/\/merseo.online\/index.php\/wp-json\/wp\/v2\/media\/1430"}],"wp:attachment":[{"href":"https:\/\/merseo.online\/index.php\/wp-json\/wp\/v2\/media?parent=1434"}],"wp:term":[{"taxonomy":"product_brand","embeddable":true,"href":"https:\/\/merseo.online\/index.php\/wp-json\/wp\/v2\/product_brand?post=1434"},{"taxonomy":"product_cat","embeddable":true,"href":"https:\/\/merseo.online\/index.php\/wp-json\/wp\/v2\/product_cat?post=1434"},{"taxonomy":"product_tag","embeddable":true,"href":"https:\/\/merseo.online\/index.php\/wp-json\/wp\/v2\/product_tag?post=1434"}],"curies":[{"name":"wp","href":"https:\/\/api.w.org\/{rel}","templated":true}]}}