{"id":1425,"date":"2026-01-29T04:46:17","date_gmt":"2026-01-29T04:46:17","guid":{"rendered":"https:\/\/merseo.online\/index.php\/product\/asa-empunadura-de-metal-para-jaula-camara\/"},"modified":"2026-01-29T04:46:19","modified_gmt":"2026-01-29T04:46:19","slug":"asa-empunadura-de-metal-para-jaula-camara","status":"publish","type":"product","link":"https:\/\/merseo.online\/index.php\/product\/asa-empunadura-de-metal-para-jaula-camara\/","title":{"rendered":"Asa Empu\u00f1adura de metal para jaula C\u00e1mara"},"content":{"rendered":"<p>Empu\u00f1adura de c\u00e1mara ligero de aleaci\u00f3n de aluminio con 4 adaptadores de zapata caliente\/fria &#8211; Mango superior de instalaci\u00f3n r\u00e1pida para c\u00e1maras DSLR, monopodios y accesorios, orificios de tornillo de 1\/4&#8243; y 3\/8&#8243;, negro, montaje vers\u00e1til, dise\u00f1o elegante<\/p>\n<p>LUGARES DE ENTREGA: a coordinar en Chorrillos.<\/p>\n<p>\ud83d\ude9a Disponible Env\u00edos por Shalom<\/p>\n","protected":false},"excerpt":{"rendered":"<p>Empu\u00f1adura de c\u00e1mara ligero de aleaci\u00f3n de aluminio con 4 adaptadores de zapata caliente\/fria &#8211; Mango superior de instalaci\u00f3n r\u00e1pida para c\u00e1maras DSLR, monopodios y accesorios, orificios de tornillo de 1\/4&#8243; y 3\/8&#8243;, negro, montaje vers\u00e1til, dise\u00f1o elegante LUGARES DE ENTREGA: a coordinar en Chorrillos. \ud83d\ude9a Disponible Env\u00edos por Shalom<\/p>\n","protected":false},"featured_media":1421,"comment_status":"open","ping_status":"closed","template":"","meta":[],"product_brand":[],"product_cat":[41,25],"product_tag":[68,58,69],"class_list":{"0":"post-1425","1":"product","2":"type-product","3":"status-publish","4":"has-post-thumbnail","6":"product_cat-accesorios-camara","7":"product_cat-camaras","8":"product_tag-asa-para-jaula-camara-dslr","9":"product_tag-empunadura-metal-camara","10":"product_tag-mango-metal-para-jaula-camara","12":"first","13":"instock","14":"sale","15":"shipping-taxable","16":"purchasable","17":"product-type-simple"},"jetpack_sharing_enabled":true,"_links":{"self":[{"href":"https:\/\/merseo.online\/index.php\/wp-json\/wp\/v2\/product\/1425","targetHints":{"allow":["GET"]}}],"collection":[{"href":"https:\/\/merseo.online\/index.php\/wp-json\/wp\/v2\/product"}],"about":[{"href":"https:\/\/merseo.online\/index.php\/wp-json\/wp\/v2\/types\/product"}],"replies":[{"embeddable":true,"href":"https:\/\/merseo.online\/index.php\/wp-json\/wp\/v2\/comments?post=1425"}],"wp:featuredmedia":[{"embeddable":true,"href":"https:\/\/merseo.online\/index.php\/wp-json\/wp\/v2\/media\/1421"}],"wp:attachment":[{"href":"https:\/\/merseo.online\/index.php\/wp-json\/wp\/v2\/media?parent=1425"}],"wp:term":[{"taxonomy":"product_brand","embeddable":true,"href":"https:\/\/merseo.online\/index.php\/wp-json\/wp\/v2\/product_brand?post=1425"},{"taxonomy":"product_cat","embeddable":true,"href":"https:\/\/merseo.online\/index.php\/wp-json\/wp\/v2\/product_cat?post=1425"},{"taxonomy":"product_tag","embeddable":true,"href":"https:\/\/merseo.online\/index.php\/wp-json\/wp\/v2\/product_tag?post=1425"}],"curies":[{"name":"wp","href":"https:\/\/api.w.org\/{rel}","templated":true}]}}