{"id":1419,"date":"2026-01-29T04:27:11","date_gmt":"2026-01-29T04:27:11","guid":{"rendered":"https:\/\/merseo.online\/index.php\/product\/luz-led-rgb-vl120-ulanzi-profesional\/"},"modified":"2026-01-29T04:27:13","modified_gmt":"2026-01-29T04:27:13","slug":"luz-led-rgb-vl120-ulanzi-profesional","status":"publish","type":"product","link":"https:\/\/merseo.online\/index.php\/product\/luz-led-rgb-vl120-ulanzi-profesional\/","title":{"rendered":"Luz LED RGB VL120 Ulanzi Profesional"},"content":{"rendered":"<p>Luz de video RGB a todo color, 2500K-9000K ajustable, conmutaci\u00f3n con un solo bot\u00f3n 20 tipos de efectos de iluminaci\u00f3n. Est\u00e1 dise\u00f1ada para ser del tama\u00f1o de una tarjeta de cr\u00e9dito, pero con una bater\u00eda incorporada de 3100 mAh, proporciona colores duales de fr\u00edo y c\u00e1lido y colores RGB variables, que contribuir\u00e1n a la creaci\u00f3n de su video. El paquete VL120 viene con un difusor de silicona y accesorios de zapata fr\u00eda para adaptarse a su equipo fotogr\u00e1fico para satisfacer sus necesidades de iluminaci\u00f3n. Versatilidad incorporada con opciones de montaje de 3 1\/4&#8243; 20 para asegurarse de que se montar\u00e1 en cualquier c\u00e1mara, soporte, tr\u00edpode o card\u00e1n con facilidad.<\/p>\n<p>INCLUYE<\/p>\n<p>-LED VL120 RGB<\/p>\n<p>-Filtro Difuminador<\/p>\n<p>-Cable de Carga tipo C<\/p>\n<p>-Tornillo adaptador de zapata 1\/4\u2019<\/p>\n","protected":false},"excerpt":{"rendered":"<p>Luz de video RGB a todo color, 2500K-9000K ajustable, conmutaci\u00f3n con un solo bot\u00f3n 20 tipos de efectos de iluminaci\u00f3n. Est\u00e1 dise\u00f1ada para ser del tama\u00f1o de una tarjeta de cr\u00e9dito, pero con una bater\u00eda incorporada de 3100 mAh, proporciona colores duales de fr\u00edo y c\u00e1lido y colores RGB variables, que contribuir\u00e1n a la creaci\u00f3n [&hellip;]<\/p>\n","protected":false},"featured_media":1416,"comment_status":"open","ping_status":"closed","template":"","meta":[],"product_brand":[],"product_cat":[41,25],"product_tag":[67,64,65,66,63],"class_list":{"0":"post-1419","1":"product","2":"type-product","3":"status-publish","4":"has-post-thumbnail","6":"product_cat-accesorios-camara","7":"product_cat-camaras","8":"product_tag-accesorio-streamer","9":"product_tag-barra-led-vl120","10":"product_tag-iluminacion-profesional-vl120","11":"product_tag-luz-de-relleno-profesional","12":"product_tag-vl120-rgb","14":"first","15":"instock","16":"sale","17":"shipping-taxable","18":"purchasable","19":"product-type-simple"},"jetpack_sharing_enabled":true,"_links":{"self":[{"href":"https:\/\/merseo.online\/index.php\/wp-json\/wp\/v2\/product\/1419","targetHints":{"allow":["GET"]}}],"collection":[{"href":"https:\/\/merseo.online\/index.php\/wp-json\/wp\/v2\/product"}],"about":[{"href":"https:\/\/merseo.online\/index.php\/wp-json\/wp\/v2\/types\/product"}],"replies":[{"embeddable":true,"href":"https:\/\/merseo.online\/index.php\/wp-json\/wp\/v2\/comments?post=1419"}],"wp:featuredmedia":[{"embeddable":true,"href":"https:\/\/merseo.online\/index.php\/wp-json\/wp\/v2\/media\/1416"}],"wp:attachment":[{"href":"https:\/\/merseo.online\/index.php\/wp-json\/wp\/v2\/media?parent=1419"}],"wp:term":[{"taxonomy":"product_brand","embeddable":true,"href":"https:\/\/merseo.online\/index.php\/wp-json\/wp\/v2\/product_brand?post=1419"},{"taxonomy":"product_cat","embeddable":true,"href":"https:\/\/merseo.online\/index.php\/wp-json\/wp\/v2\/product_cat?post=1419"},{"taxonomy":"product_tag","embeddable":true,"href":"https:\/\/merseo.online\/index.php\/wp-json\/wp\/v2\/product_tag?post=1419"}],"curies":[{"name":"wp","href":"https:\/\/api.w.org\/{rel}","templated":true}]}}