{"id":1412,"date":"2026-01-29T04:15:11","date_gmt":"2026-01-29T04:15:11","guid":{"rendered":"https:\/\/merseo.online\/index.php\/product\/barra-led-ulanzi-vl119-rgb-profesional-50cm\/"},"modified":"2026-01-29T04:15:13","modified_gmt":"2026-01-29T04:15:13","slug":"barra-led-ulanzi-vl119-rgb-profesional-50cm","status":"publish","type":"product","link":"https:\/\/merseo.online\/index.php\/product\/barra-led-ulanzi-vl119-rgb-profesional-50cm\/","title":{"rendered":"Barra LED Ulanzi VL119 RGB Profesional 50cm"},"content":{"rendered":"<p>Barra LED RGB para iluminar tu sala de streaming y obtener una iluminaci\u00f3n profesional.<\/p>\n<p>Descuento desde 2 unidades.<\/p>\n<p>CARACTER\u00cdSTICAS<br \/>\n-20 Efectos de iluminaci\u00f3n<br \/>\n-Modo RGB con 360 colores<br \/>\n-Temperatura de color: 2500K-9000K<br \/>\n-Bater\u00eda integrada de 3,7 V 2000mAh<br \/>\nPuerto de carga: Tipo-C<br \/>\nTiempo de carga: aproximadamente 2 horas<br \/>\nTama\u00f1o del art\u00edculo: 50*3,7 cm\/ 20*1.5in<br \/>\nPeso del art\u00edculo: 205g\/7,2 oz.<\/p>\n<p>Incluye<br \/>\n1 * luz LED<br \/>\n1 * Cable USB<br \/>\n1 * Manual del usuario<\/p>\n","protected":false},"excerpt":{"rendered":"<p>Barra LED RGB para iluminar tu sala de streaming y obtener una iluminaci\u00f3n profesional. Descuento desde 2 unidades. CARACTER\u00cdSTICAS -20 Efectos de iluminaci\u00f3n -Modo RGB con 360 colores -Temperatura de color: 2500K-9000K -Bater\u00eda integrada de 3,7 V 2000mAh Puerto de carga: Tipo-C Tiempo de carga: aproximadamente 2 horas Tama\u00f1o del art\u00edculo: 50*3,7 cm\/ 20*1.5in Peso [&hellip;]<\/p>\n","protected":false},"featured_media":1411,"comment_status":"open","ping_status":"closed","template":"","meta":[],"product_brand":[],"product_cat":[41],"product_tag":[60,61,62],"class_list":{"0":"post-1412","1":"product","2":"type-product","3":"status-publish","4":"has-post-thumbnail","6":"product_cat-accesorios-camara","7":"product_tag-barra-led-ulanzi-vl119","8":"product_tag-tubo-rgb-ulanzi-vl119","9":"product_tag-ulanzi-vl119-profesional-fotografia-video","11":"first","12":"instock","13":"sale","14":"shipping-taxable","15":"purchasable","16":"product-type-simple"},"jetpack_sharing_enabled":true,"_links":{"self":[{"href":"https:\/\/merseo.online\/index.php\/wp-json\/wp\/v2\/product\/1412","targetHints":{"allow":["GET"]}}],"collection":[{"href":"https:\/\/merseo.online\/index.php\/wp-json\/wp\/v2\/product"}],"about":[{"href":"https:\/\/merseo.online\/index.php\/wp-json\/wp\/v2\/types\/product"}],"replies":[{"embeddable":true,"href":"https:\/\/merseo.online\/index.php\/wp-json\/wp\/v2\/comments?post=1412"}],"wp:featuredmedia":[{"embeddable":true,"href":"https:\/\/merseo.online\/index.php\/wp-json\/wp\/v2\/media\/1411"}],"wp:attachment":[{"href":"https:\/\/merseo.online\/index.php\/wp-json\/wp\/v2\/media?parent=1412"}],"wp:term":[{"taxonomy":"product_brand","embeddable":true,"href":"https:\/\/merseo.online\/index.php\/wp-json\/wp\/v2\/product_brand?post=1412"},{"taxonomy":"product_cat","embeddable":true,"href":"https:\/\/merseo.online\/index.php\/wp-json\/wp\/v2\/product_cat?post=1412"},{"taxonomy":"product_tag","embeddable":true,"href":"https:\/\/merseo.online\/index.php\/wp-json\/wp\/v2\/product_tag?post=1412"}],"curies":[{"name":"wp","href":"https:\/\/api.w.org\/{rel}","templated":true}]}}