{"id":1378,"date":"2026-01-18T06:15:12","date_gmt":"2026-01-18T06:15:12","guid":{"rendered":"https:\/\/merseo.online\/index.php\/product\/kit-de-iluminacion-led-regulable-usb-para-fotografia-video\/"},"modified":"2026-01-18T06:15:14","modified_gmt":"2026-01-18T06:15:14","slug":"kit-de-iluminacion-led-regulable-usb-para-fotografia-video","status":"publish","type":"product","link":"https:\/\/merseo.online\/index.php\/product\/kit-de-iluminacion-led-regulable-usb-para-fotografia-video\/","title":{"rendered":"Kit de iluminaci\u00f3n LED regulable USB para fotograf\u00eda \/ video"},"content":{"rendered":"<p>Kit de Iluminaci\u00f3n LED para Videograf\u00eda y Fotograf\u00eda de 1 pieza con Tr\u00edpode Ajustable, Luz de Relleno LED Cuadrada de 25.4 cm, Iluminaci\u00f3n Ajustable de 3 Colores, para Grabaci\u00f3n de Video, Estudio Fotogr\u00e1fico, alimentaci\u00f3n USB<\/p>\n<p>Lugares de entrega: Chorrillos, otras zonas a coordinar<\/p>\n<p>\ud83d\ude9a Tambi\u00e9n disponible env\u00edos por Shalom<\/p>\n","protected":false},"excerpt":{"rendered":"<p>Kit de Iluminaci\u00f3n LED para Videograf\u00eda y Fotograf\u00eda de 1 pieza con Tr\u00edpode Ajustable, Luz de Relleno LED Cuadrada de 25.4 cm, Iluminaci\u00f3n Ajustable de 3 Colores, para Grabaci\u00f3n de Video, Estudio Fotogr\u00e1fico, alimentaci\u00f3n USB Lugares de entrega: Chorrillos, otras zonas a coordinar \ud83d\ude9a Tambi\u00e9n disponible env\u00edos por Shalom<\/p>\n","protected":false},"featured_media":1373,"comment_status":"open","ping_status":"closed","template":"","meta":[],"product_brand":[],"product_cat":[41,25],"product_tag":[45,46],"class_list":{"0":"post-1378","1":"product","2":"type-product","3":"status-publish","4":"has-post-thumbnail","6":"product_cat-accesorios-camara","7":"product_cat-camaras","8":"product_tag-kit-de-iluminacion-panel-led","9":"product_tag-kit-led-videografia-fotografia","11":"first","12":"instock","13":"shipping-taxable","14":"purchasable","15":"product-type-simple"},"jetpack_sharing_enabled":true,"_links":{"self":[{"href":"https:\/\/merseo.online\/index.php\/wp-json\/wp\/v2\/product\/1378","targetHints":{"allow":["GET"]}}],"collection":[{"href":"https:\/\/merseo.online\/index.php\/wp-json\/wp\/v2\/product"}],"about":[{"href":"https:\/\/merseo.online\/index.php\/wp-json\/wp\/v2\/types\/product"}],"replies":[{"embeddable":true,"href":"https:\/\/merseo.online\/index.php\/wp-json\/wp\/v2\/comments?post=1378"}],"wp:featuredmedia":[{"embeddable":true,"href":"https:\/\/merseo.online\/index.php\/wp-json\/wp\/v2\/media\/1373"}],"wp:attachment":[{"href":"https:\/\/merseo.online\/index.php\/wp-json\/wp\/v2\/media?parent=1378"}],"wp:term":[{"taxonomy":"product_brand","embeddable":true,"href":"https:\/\/merseo.online\/index.php\/wp-json\/wp\/v2\/product_brand?post=1378"},{"taxonomy":"product_cat","embeddable":true,"href":"https:\/\/merseo.online\/index.php\/wp-json\/wp\/v2\/product_cat?post=1378"},{"taxonomy":"product_tag","embeddable":true,"href":"https:\/\/merseo.online\/index.php\/wp-json\/wp\/v2\/product_tag?post=1378"}],"curies":[{"name":"wp","href":"https:\/\/api.w.org\/{rel}","templated":true}]}}