{"id":1367,"date":"2026-01-18T03:48:43","date_gmt":"2026-01-18T03:48:43","guid":{"rendered":"https:\/\/merseo.online\/?post_type=product&#038;p=1367"},"modified":"2026-01-18T04:05:44","modified_gmt":"2026-01-18T04:05:44","slug":"mochila-para-camara-de-gran-capacidad","status":"publish","type":"product","link":"https:\/\/merseo.online\/index.php\/product\/mochila-para-camara-de-gran-capacidad\/","title":{"rendered":"Mochila para C\u00e1mara de gran Capacidad"},"content":{"rendered":"<p><iframe loading=\"lazy\" title=\"17 de enero de 2026\" width=\"1290\" height=\"726\" src=\"https:\/\/www.youtube.com\/embed\/Tii6aufg4xA?feature=oembed\" frameborder=\"0\" allow=\"accelerometer; autoplay; clipboard-write; encrypted-media; gyroscope; picture-in-picture; web-share\" referrerpolicy=\"strict-origin-when-cross-origin\" allowfullscreen><\/iframe><\/p>\n<p>Mochila para c\u00e1mara de gran capacidad, dise\u00f1ado para uso en exteriores, compatible con c\u00e1maras Canon, Sony y Fuji, con m\u00faltiples funciones y correa para el hombro.<\/p>\n<p>Medidas: 43 x 29 x 15 cm<\/p>\n","protected":false},"excerpt":{"rendered":"<p>Mochila para c\u00e1mara de gran capacidad, dise\u00f1ado para uso en exteriores, compatible con c\u00e1maras Canon, Sony y Fuji, con m\u00faltiples funciones y correa para el hombro. Medidas: 43 x 29 x 15 cm<\/p>\n","protected":false},"featured_media":1360,"comment_status":"open","ping_status":"closed","template":"","meta":[],"product_brand":[],"product_cat":[41,25],"product_tag":[44,42,43],"class_list":{"0":"post-1367","1":"product","2":"type-product","3":"status-publish","4":"has-post-thumbnail","6":"product_cat-accesorios-camara","7":"product_cat-camaras","8":"product_tag-bolso-camara-accesorios","9":"product_tag-mochila-camara","10":"product_tag-mochila-grande-accesorios-camara","12":"first","13":"instock","14":"shipping-taxable","15":"purchasable","16":"product-type-variable"},"jetpack_sharing_enabled":true,"_links":{"self":[{"href":"https:\/\/merseo.online\/index.php\/wp-json\/wp\/v2\/product\/1367","targetHints":{"allow":["GET"]}}],"collection":[{"href":"https:\/\/merseo.online\/index.php\/wp-json\/wp\/v2\/product"}],"about":[{"href":"https:\/\/merseo.online\/index.php\/wp-json\/wp\/v2\/types\/product"}],"replies":[{"embeddable":true,"href":"https:\/\/merseo.online\/index.php\/wp-json\/wp\/v2\/comments?post=1367"}],"wp:featuredmedia":[{"embeddable":true,"href":"https:\/\/merseo.online\/index.php\/wp-json\/wp\/v2\/media\/1360"}],"wp:attachment":[{"href":"https:\/\/merseo.online\/index.php\/wp-json\/wp\/v2\/media?parent=1367"}],"wp:term":[{"taxonomy":"product_brand","embeddable":true,"href":"https:\/\/merseo.online\/index.php\/wp-json\/wp\/v2\/product_brand?post=1367"},{"taxonomy":"product_cat","embeddable":true,"href":"https:\/\/merseo.online\/index.php\/wp-json\/wp\/v2\/product_cat?post=1367"},{"taxonomy":"product_tag","embeddable":true,"href":"https:\/\/merseo.online\/index.php\/wp-json\/wp\/v2\/product_tag?post=1367"}],"curies":[{"name":"wp","href":"https:\/\/api.w.org\/{rel}","templated":true}]}}