{"id":1345,"date":"2026-01-18T02:19:34","date_gmt":"2026-01-18T02:19:34","guid":{"rendered":"https:\/\/merseo.online\/index.php\/product\/drone-juguete-diseno-espada-voladora\/"},"modified":"2026-01-18T02:19:36","modified_gmt":"2026-01-18T02:19:36","slug":"drone-juguete-diseno-espada-voladora","status":"publish","type":"product","link":"https:\/\/merseo.online\/index.php\/product\/drone-juguete-diseno-espada-voladora\/","title":{"rendered":"Drone Juguete Dise\u00f1o Espada Voladora"},"content":{"rendered":"<p>Drone Quadcopter  con dise\u00f1o espada voladora, Despegue con un Solo Bot\u00f3n, Estabilidad de Flujo \u00d3ptico, Mantenimiento de Altitud, Dise\u00f1o para Portabilidad y Operaci\u00f3n Intuitiva &#8211; El Regalo Ideal para las Fiestas.<\/p>\n<p>INCLUYE:<br \/>\nDrone dise\u00f1o espada<br \/>\nBater\u00eda<br \/>\nCable de carga<br \/>\nH\u00e9lices de repuesto<\/p>\n","protected":false},"excerpt":{"rendered":"<p>Drone Quadcopter con dise\u00f1o espada voladora, Despegue con un Solo Bot\u00f3n, Estabilidad de Flujo \u00d3ptico, Mantenimiento de Altitud, Dise\u00f1o para Portabilidad y Operaci\u00f3n Intuitiva &#8211; El Regalo Ideal para las Fiestas. INCLUYE: Drone dise\u00f1o espada Bater\u00eda Cable de carga H\u00e9lices de repuesto<\/p>\n","protected":false},"featured_media":1341,"comment_status":"open","ping_status":"closed","template":"","meta":[],"product_brand":[],"product_cat":[32],"product_tag":[34,33],"class_list":{"0":"post-1345","1":"product","2":"type-product","3":"status-publish","4":"has-post-thumbnail","6":"product_cat-juguetes-hogar","7":"product_tag-drone-espada-voladora","8":"product_tag-drone-juguete","10":"first","11":"instock","12":"sale","13":"shipping-taxable","14":"purchasable","15":"product-type-simple"},"jetpack_sharing_enabled":true,"_links":{"self":[{"href":"https:\/\/merseo.online\/index.php\/wp-json\/wp\/v2\/product\/1345","targetHints":{"allow":["GET"]}}],"collection":[{"href":"https:\/\/merseo.online\/index.php\/wp-json\/wp\/v2\/product"}],"about":[{"href":"https:\/\/merseo.online\/index.php\/wp-json\/wp\/v2\/types\/product"}],"replies":[{"embeddable":true,"href":"https:\/\/merseo.online\/index.php\/wp-json\/wp\/v2\/comments?post=1345"}],"wp:featuredmedia":[{"embeddable":true,"href":"https:\/\/merseo.online\/index.php\/wp-json\/wp\/v2\/media\/1341"}],"wp:attachment":[{"href":"https:\/\/merseo.online\/index.php\/wp-json\/wp\/v2\/media?parent=1345"}],"wp:term":[{"taxonomy":"product_brand","embeddable":true,"href":"https:\/\/merseo.online\/index.php\/wp-json\/wp\/v2\/product_brand?post=1345"},{"taxonomy":"product_cat","embeddable":true,"href":"https:\/\/merseo.online\/index.php\/wp-json\/wp\/v2\/product_cat?post=1345"},{"taxonomy":"product_tag","embeddable":true,"href":"https:\/\/merseo.online\/index.php\/wp-json\/wp\/v2\/product_tag?post=1345"}],"curies":[{"name":"wp","href":"https:\/\/api.w.org\/{rel}","templated":true}]}}