{"id":1339,"date":"2026-01-18T00:58:52","date_gmt":"2026-01-18T00:58:52","guid":{"rendered":"https:\/\/merseo.online\/index.php\/product\/estante-para-cocina-4-niveles\/"},"modified":"2026-02-19T19:37:11","modified_gmt":"2026-02-19T19:37:11","slug":"estante-para-cocina-4-niveles","status":"publish","type":"product","link":"https:\/\/merseo.online\/index.php\/product\/estante-para-cocina-4-niveles\/","title":{"rendered":"Estante para Cocina 4 niveles"},"content":{"rendered":"<p>Estante organizador de cocina de 4 pisos ser\u00eda una soluci\u00f3n pr\u00e1ctica y eficiente para maximizar el espacio en la cocina. Aqu\u00ed te describo c\u00f3mo podr\u00eda ser su dise\u00f1o:<\/p>\n<p>Estructura:<br \/>\nEl estante tendr\u00eda una estructura vertical, alta y delgada, ideal para aprovechar espacios peque\u00f1os o esquinas.<\/p>\n","protected":false},"excerpt":{"rendered":"<p>Estante organizador de cocina de 4 pisos ser\u00eda una soluci\u00f3n pr\u00e1ctica y eficiente para maximizar el espacio en la cocina. Aqu\u00ed te describo c\u00f3mo podr\u00eda ser su dise\u00f1o: Estructura: El estante tendr\u00eda una estructura vertical, alta y delgada, ideal para aprovechar espacios peque\u00f1os o esquinas.<\/p>\n","protected":false},"featured_media":1335,"comment_status":"open","ping_status":"closed","template":"","meta":[],"product_brand":[],"product_cat":[28],"product_tag":[],"class_list":{"0":"post-1339","1":"product","2":"type-product","3":"status-publish","4":"has-post-thumbnail","6":"product_cat-hogar","8":"first","9":"instock","10":"sale","11":"shipping-taxable","12":"purchasable","13":"product-type-simple"},"jetpack_sharing_enabled":true,"_links":{"self":[{"href":"https:\/\/merseo.online\/index.php\/wp-json\/wp\/v2\/product\/1339","targetHints":{"allow":["GET"]}}],"collection":[{"href":"https:\/\/merseo.online\/index.php\/wp-json\/wp\/v2\/product"}],"about":[{"href":"https:\/\/merseo.online\/index.php\/wp-json\/wp\/v2\/types\/product"}],"replies":[{"embeddable":true,"href":"https:\/\/merseo.online\/index.php\/wp-json\/wp\/v2\/comments?post=1339"}],"wp:featuredmedia":[{"embeddable":true,"href":"https:\/\/merseo.online\/index.php\/wp-json\/wp\/v2\/media\/1335"}],"wp:attachment":[{"href":"https:\/\/merseo.online\/index.php\/wp-json\/wp\/v2\/media?parent=1339"}],"wp:term":[{"taxonomy":"product_brand","embeddable":true,"href":"https:\/\/merseo.online\/index.php\/wp-json\/wp\/v2\/product_brand?post=1339"},{"taxonomy":"product_cat","embeddable":true,"href":"https:\/\/merseo.online\/index.php\/wp-json\/wp\/v2\/product_cat?post=1339"},{"taxonomy":"product_tag","embeddable":true,"href":"https:\/\/merseo.online\/index.php\/wp-json\/wp\/v2\/product_tag?post=1339"}],"curies":[{"name":"wp","href":"https:\/\/api.w.org\/{rel}","templated":true}]}}