{"id":1320,"date":"2025-12-20T05:40:25","date_gmt":"2025-12-20T05:40:25","guid":{"rendered":"https:\/\/merseo.online\/index.php\/product\/super-pistola-2-en-1-lanza-burbujas-y-dispara-chorros-de-agua\/"},"modified":"2025-12-20T05:49:48","modified_gmt":"2025-12-20T05:49:48","slug":"super-pistola-2-en-1-lanza-burbujas-y-dispara-chorros-de-agua","status":"publish","type":"product","link":"https:\/\/merseo.online\/index.php\/product\/super-pistola-2-en-1-lanza-burbujas-y-dispara-chorros-de-agua\/","title":{"rendered":"S\u00faper Lanzador 2 en 1: Lanza Burbujas y dispara Chorros de Agua"},"content":{"rendered":"<p><iframe loading=\"lazy\" title=\"20 de diciembre de 2025\" width=\"563\" height=\"1000\" src=\"https:\/\/www.youtube.com\/embed\/1KGmCpZrvvk?feature=oembed\" frameborder=\"0\" allow=\"accelerometer; autoplay; clipboard-write; encrypted-media; gyroscope; picture-in-picture; web-share\" referrerpolicy=\"strict-origin-when-cross-origin\" allowfullscreen><\/iframe><\/p>\n<p>Desata la diversi\u00f3n con tus amigos en esos d\u00edas calurosos donde rociarte con chorros de agua puede ser una muy buena opci\u00f3n con esta incre\u00edble pistola de agua, lanzador de burbujas y dispara chorros de agua.<br \/>\nMedidas: 22 cm de Alto x 33.6 cm de Largo x 8cm de Ancho.<\/p>\n","protected":false},"excerpt":{"rendered":"<p>Desata la diversi\u00f3n con tus amigos en esos d\u00edas calurosos donde rociarte con chorros de agua puede ser una muy buena opci\u00f3n con esta incre\u00edble pistola de agua, lanzador de burbujas y dispara chorros de agua. Medidas: 22 cm de Alto x 33.6 cm de Largo x 8cm de Ancho.<\/p>\n","protected":false},"featured_media":1317,"comment_status":"open","ping_status":"closed","template":"","meta":[],"product_brand":[],"product_cat":[32],"product_tag":[],"class_list":{"0":"post-1320","1":"product","2":"type-product","3":"status-publish","4":"has-post-thumbnail","6":"product_cat-juguetes-hogar","8":"first","9":"instock","10":"sale","11":"shipping-taxable","12":"purchasable","13":"product-type-simple"},"jetpack_sharing_enabled":true,"_links":{"self":[{"href":"https:\/\/merseo.online\/index.php\/wp-json\/wp\/v2\/product\/1320","targetHints":{"allow":["GET"]}}],"collection":[{"href":"https:\/\/merseo.online\/index.php\/wp-json\/wp\/v2\/product"}],"about":[{"href":"https:\/\/merseo.online\/index.php\/wp-json\/wp\/v2\/types\/product"}],"replies":[{"embeddable":true,"href":"https:\/\/merseo.online\/index.php\/wp-json\/wp\/v2\/comments?post=1320"}],"wp:featuredmedia":[{"embeddable":true,"href":"https:\/\/merseo.online\/index.php\/wp-json\/wp\/v2\/media\/1317"}],"wp:attachment":[{"href":"https:\/\/merseo.online\/index.php\/wp-json\/wp\/v2\/media?parent=1320"}],"wp:term":[{"taxonomy":"product_brand","embeddable":true,"href":"https:\/\/merseo.online\/index.php\/wp-json\/wp\/v2\/product_brand?post=1320"},{"taxonomy":"product_cat","embeddable":true,"href":"https:\/\/merseo.online\/index.php\/wp-json\/wp\/v2\/product_cat?post=1320"},{"taxonomy":"product_tag","embeddable":true,"href":"https:\/\/merseo.online\/index.php\/wp-json\/wp\/v2\/product_tag?post=1320"}],"curies":[{"name":"wp","href":"https:\/\/api.w.org\/{rel}","templated":true}]}}