{"id":1256,"date":"2025-12-15T06:08:01","date_gmt":"2025-12-15T06:08:01","guid":{"rendered":"https:\/\/merseo.online\/index.php\/product\/guantes-lanza-dardos-spiderman\/"},"modified":"2025-12-15T06:08:03","modified_gmt":"2025-12-15T06:08:03","slug":"guantes-lanza-dardos-spiderman","status":"publish","type":"product","link":"https:\/\/merseo.online\/index.php\/product\/guantes-lanza-dardos-spiderman\/","title":{"rendered":"Guantes lanza Dardos Spiderman"},"content":{"rendered":"<p><iframe loading=\"lazy\" title=\"Real life Spider Man glove #Shorts #amazon || Tech is future.\" width=\"563\" height=\"1000\" src=\"https:\/\/www.youtube.com\/embed\/zLJQ6uRe1jc?feature=oembed\" frameborder=\"0\" allow=\"accelerometer; autoplay; clipboard-write; encrypted-media; gyroscope; picture-in-picture; web-share\" referrerpolicy=\"strict-origin-when-cross-origin\" allowfullscreen><\/iframe><\/p>\n<p>\ud83d\udd77\ufe0f \u00a1Convi\u00e9rtete en el h\u00e9roe del d\u00eda! \ud83d\udd78\ufe0f<\/p>\n<p>\u00a1El Lanzador de Telara\u00f1a de Spiderman est\u00e1 volando como pan caliente! \ud83d\udd25<br \/>\nDale a tu chibolo la experiencia real de ser Spidey: dispara telara\u00f1as, crea misiones \u00e9picas y vive aventuras a lo grande. \ud83d\udca5<\/p>\n<p>\u2714\ufe0f Juega como un verdadero superh\u00e9roe<br \/>\n\u2714\ufe0f Estimula la imaginaci\u00f3n y creatividad<br \/>\n\u2714\ufe0f Diversi\u00f3n asegurada desde el primer disparo<\/p>\n<p>\u23f0 Stock s\u00faper limitado (se acaban al toque).<br \/>\n\ud83c\udf81 Ideal para regalo \u2014 y quedas como el h\u00e9roe del barrio. <\/p>\n","protected":false},"excerpt":{"rendered":"<p>\ud83d\udd77\ufe0f \u00a1Convi\u00e9rtete en el h\u00e9roe del d\u00eda! \ud83d\udd78\ufe0f \u00a1El Lanzador de Telara\u00f1a de Spiderman est\u00e1 volando como pan caliente! \ud83d\udd25 Dale a tu chibolo la experiencia real de ser Spidey: dispara telara\u00f1as, crea misiones \u00e9picas y vive aventuras a lo grande. \ud83d\udca5 \u2714\ufe0f Juega como un verdadero superh\u00e9roe \u2714\ufe0f Estimula la imaginaci\u00f3n y creatividad \u2714\ufe0f [&hellip;]<\/p>\n","protected":false},"featured_media":1255,"comment_status":"open","ping_status":"closed","template":"","meta":[],"product_brand":[],"product_cat":[32],"product_tag":[],"class_list":{"0":"post-1256","1":"product","2":"type-product","3":"status-publish","4":"has-post-thumbnail","6":"product_cat-juguetes-hogar","8":"first","9":"instock","10":"sale","11":"shipping-taxable","12":"purchasable","13":"product-type-simple"},"jetpack_sharing_enabled":true,"_links":{"self":[{"href":"https:\/\/merseo.online\/index.php\/wp-json\/wp\/v2\/product\/1256","targetHints":{"allow":["GET"]}}],"collection":[{"href":"https:\/\/merseo.online\/index.php\/wp-json\/wp\/v2\/product"}],"about":[{"href":"https:\/\/merseo.online\/index.php\/wp-json\/wp\/v2\/types\/product"}],"replies":[{"embeddable":true,"href":"https:\/\/merseo.online\/index.php\/wp-json\/wp\/v2\/comments?post=1256"}],"wp:featuredmedia":[{"embeddable":true,"href":"https:\/\/merseo.online\/index.php\/wp-json\/wp\/v2\/media\/1255"}],"wp:attachment":[{"href":"https:\/\/merseo.online\/index.php\/wp-json\/wp\/v2\/media?parent=1256"}],"wp:term":[{"taxonomy":"product_brand","embeddable":true,"href":"https:\/\/merseo.online\/index.php\/wp-json\/wp\/v2\/product_brand?post=1256"},{"taxonomy":"product_cat","embeddable":true,"href":"https:\/\/merseo.online\/index.php\/wp-json\/wp\/v2\/product_cat?post=1256"},{"taxonomy":"product_tag","embeddable":true,"href":"https:\/\/merseo.online\/index.php\/wp-json\/wp\/v2\/product_tag?post=1256"}],"curies":[{"name":"wp","href":"https:\/\/api.w.org\/{rel}","templated":true}]}}