{"id":1235,"date":"2025-12-15T04:15:30","date_gmt":"2025-12-15T04:15:30","guid":{"rendered":"https:\/\/merseo.online\/index.php\/product\/bola-parlante-con-luces-psicodelicas-para-fiestas-discoteca\/"},"modified":"2025-12-15T04:19:50","modified_gmt":"2025-12-15T04:19:50","slug":"bola-parlante-con-luces-psicodelicas-para-fiestas-discoteca","status":"publish","type":"product","link":"https:\/\/merseo.online\/index.php\/product\/bola-parlante-con-luces-psicodelicas-para-fiestas-discoteca\/","title":{"rendered":"Bola parlante con luces Psicod\u00e9licas para fiestas discoteca"},"content":{"rendered":"<p><iframe loading=\"lazy\" title=\"Led Magic Ball Light for Party\" width=\"563\" height=\"1000\" src=\"https:\/\/www.youtube.com\/embed\/CzINHoq12iE?feature=oembed\" frameborder=\"0\" allow=\"accelerometer; autoplay; clipboard-write; encrypted-media; gyroscope; picture-in-picture; web-share\" referrerpolicy=\"strict-origin-when-cross-origin\" allowfullscreen><\/iframe><\/p>\n<p>Disfruta de esta fant\u00e1stica Magic Ball y s\u00e1cale el m\u00e1ximo provecho en cada reuni\u00f3n social que armes.<br \/>\nEste<br \/>\nproducto cuenta con efectos estrobosc\u00f3picos que son de multi color,<br \/>\nadem\u00e1s presenta m\u00e1s de 10 funciones personalizables, para que de esa<br \/>\nforma tengas variedad cuando lo vayas a utilizar en cada reuni\u00f3n social,<br \/>\nadem\u00e1s la Magic Ball cuenta con una configuraci\u00f3n para la iluminaci\u00f3n<br \/>\nr\u00edtmica.<br \/>\nEste producto tiene un<br \/>\nalcance de 40 metros, para que lo puedas disfrutar como se merece,<br \/>\ncuenta tambi\u00e9n con una conexi\u00f3n directa y es ultra portable.<br \/>\nLa<br \/>\nMagic Ball te brinda una iluminaci\u00f3n muy brillante y definida, para que<br \/>\ntus reuniones sociales tengan el mejor ambiente, adem\u00e1s tiene una larga<br \/>\nvida \u00fatil y cuenta con una excelente estabilidad.<br \/>\nEste producto se aplica extensamente en fiesta familiar, discoteca, sal\u00f3n de baile, hotel, etc.<br \/>\nNo dejes pasar esta extraordinaria oportunidad de contar con un producto de alta calidad, hecho exclusivamente para ti.<\/p>\n","protected":false},"excerpt":{"rendered":"<p>Disfruta de esta fant\u00e1stica Magic Ball y s\u00e1cale el m\u00e1ximo provecho en cada reuni\u00f3n social que armes. Este producto cuenta con efectos estrobosc\u00f3picos que son de multi color, adem\u00e1s presenta m\u00e1s de 10 funciones personalizables, para que de esa forma tengas variedad cuando lo vayas a utilizar en cada reuni\u00f3n social, adem\u00e1s la Magic Ball [&hellip;]<\/p>\n","protected":false},"featured_media":1232,"comment_status":"open","ping_status":"closed","template":"","meta":[],"product_brand":[],"product_cat":[26],"product_tag":[],"class_list":{"0":"post-1235","1":"product","2":"type-product","3":"status-publish","4":"has-post-thumbnail","6":"product_cat-electronicos","8":"first","9":"instock","10":"sale","11":"shipping-taxable","12":"purchasable","13":"product-type-simple"},"jetpack_sharing_enabled":true,"_links":{"self":[{"href":"https:\/\/merseo.online\/index.php\/wp-json\/wp\/v2\/product\/1235","targetHints":{"allow":["GET"]}}],"collection":[{"href":"https:\/\/merseo.online\/index.php\/wp-json\/wp\/v2\/product"}],"about":[{"href":"https:\/\/merseo.online\/index.php\/wp-json\/wp\/v2\/types\/product"}],"replies":[{"embeddable":true,"href":"https:\/\/merseo.online\/index.php\/wp-json\/wp\/v2\/comments?post=1235"}],"wp:featuredmedia":[{"embeddable":true,"href":"https:\/\/merseo.online\/index.php\/wp-json\/wp\/v2\/media\/1232"}],"wp:attachment":[{"href":"https:\/\/merseo.online\/index.php\/wp-json\/wp\/v2\/media?parent=1235"}],"wp:term":[{"taxonomy":"product_brand","embeddable":true,"href":"https:\/\/merseo.online\/index.php\/wp-json\/wp\/v2\/product_brand?post=1235"},{"taxonomy":"product_cat","embeddable":true,"href":"https:\/\/merseo.online\/index.php\/wp-json\/wp\/v2\/product_cat?post=1235"},{"taxonomy":"product_tag","embeddable":true,"href":"https:\/\/merseo.online\/index.php\/wp-json\/wp\/v2\/product_tag?post=1235"}],"curies":[{"name":"wp","href":"https:\/\/api.w.org\/{rel}","templated":true}]}}