{"id":1189,"date":"2025-12-13T14:09:52","date_gmt":"2025-12-13T14:09:52","guid":{"rendered":"https:\/\/merseo.online\/index.php\/product\/vehiculo-camion-bombero-para-nino\/"},"modified":"2025-12-13T14:09:54","modified_gmt":"2025-12-13T14:09:54","slug":"vehiculo-camion-bombero-para-nino","status":"publish","type":"product","link":"https:\/\/merseo.online\/index.php\/product\/vehiculo-camion-bombero-para-nino\/","title":{"rendered":"Vehiculo Camion Bombero para ni\u00f1o"},"content":{"rendered":"<p>Est\u00e1 hecho con pl\u00e1stico.<br \/>\nTiene 10cm de alto x 8cm de ancho x 31cm de largo.<br \/>\nSu peso es de 287g.<br \/>\nEdad m\u00ednima recomendada: 3a\u00f1os.<\/p>\n","protected":false},"excerpt":{"rendered":"<p>Est\u00e1 hecho con pl\u00e1stico. Tiene 10cm de alto x 8cm de ancho x 31cm de largo. Su peso es de 287g. Edad m\u00ednima recomendada: 3a\u00f1os.<\/p>\n","protected":false},"featured_media":1184,"comment_status":"open","ping_status":"closed","template":"","meta":[],"product_brand":[],"product_cat":[32],"product_tag":[],"class_list":{"0":"post-1189","1":"product","2":"type-product","3":"status-publish","4":"has-post-thumbnail","6":"product_cat-juguetes-hogar","8":"first","9":"instock","10":"sale","11":"shipping-taxable","12":"purchasable","13":"product-type-simple"},"jetpack_sharing_enabled":true,"_links":{"self":[{"href":"https:\/\/merseo.online\/index.php\/wp-json\/wp\/v2\/product\/1189","targetHints":{"allow":["GET"]}}],"collection":[{"href":"https:\/\/merseo.online\/index.php\/wp-json\/wp\/v2\/product"}],"about":[{"href":"https:\/\/merseo.online\/index.php\/wp-json\/wp\/v2\/types\/product"}],"replies":[{"embeddable":true,"href":"https:\/\/merseo.online\/index.php\/wp-json\/wp\/v2\/comments?post=1189"}],"wp:featuredmedia":[{"embeddable":true,"href":"https:\/\/merseo.online\/index.php\/wp-json\/wp\/v2\/media\/1184"}],"wp:attachment":[{"href":"https:\/\/merseo.online\/index.php\/wp-json\/wp\/v2\/media?parent=1189"}],"wp:term":[{"taxonomy":"product_brand","embeddable":true,"href":"https:\/\/merseo.online\/index.php\/wp-json\/wp\/v2\/product_brand?post=1189"},{"taxonomy":"product_cat","embeddable":true,"href":"https:\/\/merseo.online\/index.php\/wp-json\/wp\/v2\/product_cat?post=1189"},{"taxonomy":"product_tag","embeddable":true,"href":"https:\/\/merseo.online\/index.php\/wp-json\/wp\/v2\/product_tag?post=1189"}],"curies":[{"name":"wp","href":"https:\/\/api.w.org\/{rel}","templated":true}]}}