{"id":1111,"date":"2025-12-05T14:58:49","date_gmt":"2025-12-05T14:58:49","guid":{"rendered":"https:\/\/merseo.online\/index.php\/product\/escurridor-de-platos-2-niveles-con-tapa\/"},"modified":"2025-12-13T07:50:47","modified_gmt":"2025-12-13T07:50:47","slug":"escurridor-de-platos-2-niveles-con-tapa","status":"publish","type":"product","link":"https:\/\/merseo.online\/index.php\/product\/escurridor-de-platos-2-niveles-con-tapa\/","title":{"rendered":"Escurridor de Platos 2 Niveles con Tapa"},"content":{"rendered":"<hr \/>\n<p><iframe loading=\"lazy\" title=\"K\u1ec7 \u0110\u1ec3 Ch\u00e9n \u0110\u0129a B\u1ed3n R\u1eeda C\u00f3 N\u1eafp \u0110\u1eady \u0110a N\u0103ng\" width=\"563\" height=\"1000\" src=\"https:\/\/www.youtube.com\/embed\/-uJVsaqHVfk?feature=oembed\" frameborder=\"0\" allow=\"accelerometer; autoplay; clipboard-write; encrypted-media; gyroscope; picture-in-picture; web-share\" referrerpolicy=\"strict-origin-when-cross-origin\" allowfullscreen><\/iframe><\/p>\n<p><a href=\"https:\/\/youtu.be\/D35U0XRldQw?feature=shared\"><\/a><\/p>\n<p>Escurridor de Platos 2 Niveles con Tapa<\/p>\n<p>Medidas: 86 x 28 x 81 cm<\/p>\n<p>Con cubierta protectora transparente<\/p>\n<p>Estructura met\u00e1lica resistente<\/p>\n<p>Ideal para cocina organizada y sin salpicaduras<\/p>\n<p>Espacio para platos, vasos y utensilios<\/p>\n","protected":false},"excerpt":{"rendered":"<p>Escurridor de Platos 2 Niveles con Tapa Medidas: 86 x 28 x 81 cm Con cubierta protectora transparente Estructura met\u00e1lica resistente Ideal para cocina organizada y sin salpicaduras Espacio para platos, vasos y utensilios<\/p>\n","protected":false},"featured_media":1109,"comment_status":"open","ping_status":"closed","template":"","meta":[],"product_brand":[],"product_cat":[28,21],"product_tag":[],"class_list":{"0":"post-1111","1":"product","2":"type-product","3":"status-publish","4":"has-post-thumbnail","6":"product_cat-hogar","7":"product_cat-utensilios-de-cocina","9":"first","10":"instock","11":"sale","12":"shipping-taxable","13":"purchasable","14":"product-type-simple"},"jetpack_sharing_enabled":true,"_links":{"self":[{"href":"https:\/\/merseo.online\/index.php\/wp-json\/wp\/v2\/product\/1111","targetHints":{"allow":["GET"]}}],"collection":[{"href":"https:\/\/merseo.online\/index.php\/wp-json\/wp\/v2\/product"}],"about":[{"href":"https:\/\/merseo.online\/index.php\/wp-json\/wp\/v2\/types\/product"}],"replies":[{"embeddable":true,"href":"https:\/\/merseo.online\/index.php\/wp-json\/wp\/v2\/comments?post=1111"}],"wp:featuredmedia":[{"embeddable":true,"href":"https:\/\/merseo.online\/index.php\/wp-json\/wp\/v2\/media\/1109"}],"wp:attachment":[{"href":"https:\/\/merseo.online\/index.php\/wp-json\/wp\/v2\/media?parent=1111"}],"wp:term":[{"taxonomy":"product_brand","embeddable":true,"href":"https:\/\/merseo.online\/index.php\/wp-json\/wp\/v2\/product_brand?post=1111"},{"taxonomy":"product_cat","embeddable":true,"href":"https:\/\/merseo.online\/index.php\/wp-json\/wp\/v2\/product_cat?post=1111"},{"taxonomy":"product_tag","embeddable":true,"href":"https:\/\/merseo.online\/index.php\/wp-json\/wp\/v2\/product_tag?post=1111"}],"curies":[{"name":"wp","href":"https:\/\/api.w.org\/{rel}","templated":true}]}}